{"id":20006174,"date":"2021-01-07T20:38:15","date_gmt":"2021-01-07T19:38:15","guid":{"rendered":"http:\/\/test.s385-fair4host.http-s.de\/index.php\/produkt\/logitech-mx-anywhere-2s-maus-rechts-rf-kabellos-bluetooth-4000-dpi\/"},"modified":"2021-01-07T20:38:15","modified_gmt":"2021-01-07T19:38:15","slug":"logitech-mx-anywhere-2s-maus-rechts-rf-kabellos-bluetooth-4000-dpi","status":"publish","type":"product","link":"http:\/\/test.s385-fair4host.http-s.de\/index.php\/produkt\/logitech-mx-anywhere-2s-maus-rechts-rf-kabellos-bluetooth-4000-dpi\/","title":{"rendered":"Logitech MX Anywhere 2S Maus rechts RF kabellos + Bluetooth 4000 DPI"},"content":{"rendered":"<p><b>REVOLUTION\u00c4RE STEUERUNG \u00dcBER MEHRERE COMPUTER HINWEG<\/b><br \/>Erleben Sie die kompakte und leistungsstarke MX Anywhere 2S, die Maus, die Ihnen geradezu Superkr\u00e4fte verleiht. Die MX Anywhere 2S ist an jedem Arbeitsort einsatzbereit \u2013 ob im Stra\u00dfencaf\u00e9, im Flugzeug, im Hotelzimmer oder in einem externen Meeting \u2013 und funktioniert \u00fcbergangslos auf drei Computern gleichzeitig, einschlie\u00dflich Navigation und \u201eKopieren-und-Einf\u00fcgen\u201c-Vorg\u00e4nge.<\/p>\n<p><b>HEBEN SIE ARBEITEN AUF MEHREREREN COMPUTERN AUF EIN NEUES NIVEAU<\/b><br \/>Nutzen Sie alle M\u00f6glichkeiten der MX Anywhere 2S mit Logitech Flow f\u00fcr absolut reibungsloses Arbeiten \u00fcber mehrere Computer hinweg. Sie haben die M\u00f6glichkeit, Ihren Mauszeiger \u00fcber drei Computer hinweg zu bewegen und sogar Text, Bilder und Dateien von einem Computer zum anderen zu kopieren und einzuf\u00fcgen.<\/p>\n<p><b>FUNKTIONIERT \u00dcBERALL<\/b><br \/>Die MX Anywhere 2S ist die Power-Maus f\u00fcr alle, die an jedem Ort arbeiten k\u00f6nnen m\u00fcssen. Der brandneue 4000-dpi-Darkfield\u2122-Sensor gew\u00e4hrleistet eine fehlerfreie Abtastung auf nahezu allen Oberfl\u00e4chen \u2013 selbst auf Glas.1<\/p>\n<p><b>IMMER EINSATZBEREIT<\/b><br \/>Bei einer Ladezeit von nur 3 Minuten k\u00f6nnen Sie das Ger\u00e4t einen ganzen Tag nutzen \u2013 keine Unterbrechung beim Laden. Eine vollst\u00e4ndige Aufladung h\u00e4lt bis zu 70 Tage.2<\/p>\n<p><b>SUPERSCHNELLER BILDLAUF<\/b><br \/>Brausen Sie mit einer einzigen Drehung des Mausrads durch lange Dokumente und Webseiten. Falls Sie einmal eine h\u00f6here Genauigkeit ben\u00f6tigen, dr\u00fccken Sie auf das Rad, um in den \u201eClick-to-Click\u201c-Modus zu wechseln.<\/p>\n<p><b>EASY-SWITCH UND ZWEI ANSCHLUSS-M\u00d6GLICHKEITEN<\/b><br \/>Verbinden Sie die MX Anywhere 2S \u00fcber den im Lieferumfang enthaltenen Logitech Unifying-Empf\u00e4nger oder \u00fcber Bluetooth\u00ae Low Energy-Technologie. Pairen Sie dank der Easy-Switch\u2122-Technologie von Logitech bis zu drei Ger\u00e4te und wechseln Sie mit einem einzigen Tastendruck zwischen ihnen.<\/p>\n","protected":false},"excerpt":{"rendered":"<p>Bluetooth, LED, 2.4 GHz, Li-Po (500 mAh)<\/p>\n","protected":false},"featured_media":20006175,"comment_status":"open","ping_status":"closed","template":"","meta":{"spay_email":""},"_links":{"self":[{"href":"http:\/\/test.s385-fair4host.http-s.de\/index.php\/wp-json\/wp\/v2\/product\/20006174"}],"collection":[{"href":"http:\/\/test.s385-fair4host.http-s.de\/index.php\/wp-json\/wp\/v2\/product"}],"about":[{"href":"http:\/\/test.s385-fair4host.http-s.de\/index.php\/wp-json\/wp\/v2\/types\/product"}],"replies":[{"embeddable":true,"href":"http:\/\/test.s385-fair4host.http-s.de\/index.php\/wp-json\/wp\/v2\/comments?post=20006174"}],"wp:featuredmedia":[{"embeddable":true,"href":"http:\/\/test.s385-fair4host.http-s.de\/index.php\/wp-json\/wp\/v2\/media\/20006175"}],"wp:attachment":[{"href":"http:\/\/test.s385-fair4host.http-s.de\/index.php\/wp-json\/wp\/v2\/media?parent=20006174"}],"curies":[{"name":"wp","href":"https:\/\/api.w.org\/{rel}","templated":true}]}}