{"id":20006172,"date":"2021-01-07T20:38:14","date_gmt":"2021-01-07T19:38:14","guid":{"rendered":"http:\/\/test.s385-fair4host.http-s.de\/index.php\/produkt\/logitech-c270-webcam-3-mp-1280-x-720-pixel-usb-2-0-schwarz\/"},"modified":"2021-01-07T20:38:14","modified_gmt":"2021-01-07T19:38:14","slug":"logitech-c270-webcam-3-mp-1280-x-720-pixel-usb-2-0-schwarz","status":"publish","type":"product","link":"http:\/\/test.s385-fair4host.http-s.de\/index.php\/produkt\/logitech-c270-webcam-3-mp-1280-x-720-pixel-usb-2-0-schwarz\/","title":{"rendered":"Logitech C270 Webcam 3 MP 1280 x 720 Pixel USB 2.0 Schwarz"},"content":{"rendered":"<p><b>Videogespr\u00e4che in HD<\/b><br \/>F\u00fchren Sie HD-Videogespr\u00e4che im Breitbildformat und in 720p \u00fcber die meisten g\u00e4ngigen Instant Messenger.<\/p>\n<p><b>Bitte l\u00e4cheln<\/b><br \/>Senden Sie Ihren Freunden und der Familie realistische 3-Megapixel-Fotos.<\/p>\n<p><b>Lassen Sie von sich h\u00f6ren<\/b><br \/>Das eingebaute Mikrofon unterdr\u00fcckt Hintergrundger\u00e4usche und bewirkt so, dass Sie laut und deutlich zu h\u00f6ren sind.<\/p>\n<p><b>HD-Videogespr\u00e4che<\/b><br \/>F\u00fchren Sie HD-Videogespr\u00e4che in 720p \u00fcber die meisten Instant Messenger.<\/p>\n<p><b>Integriertes Mikrofon mit Rauschunterdr\u00fcckung<\/b><br \/>Klare verst\u00e4ndliche Gespr\u00e4che ohne l\u00e4stige Hintergrundger\u00e4usche.<\/p>\n<p><b>Automatische Belichtungsanpassung<\/b><br \/>Selbst wenn Sie Videogespr\u00e4che bei ged\u00e4mpfter Beleuchtung oder Gegenlicht f\u00fchren, wird die Belichtung intelligent angepasst und so die bestm\u00f6gliche Bildqualit\u00e4t erzeugt.<\/p>\n<p><b>Kompatibilit\u00e4t mit IM-Diensten<\/b><br \/>Funktioniert mit Skype\u2122, Google Hangouts\u2122, Yahoo!\u00ae Messenger und anderen g\u00e4ngigen Instant Messengern.<\/p>\n","protected":false},"excerpt":{"rendered":"<p>3 Mpx, 1280 x 720 HD, USB 2.0<\/p>\n","protected":false},"featured_media":20006173,"comment_status":"open","ping_status":"closed","template":"","meta":{"spay_email":""},"_links":{"self":[{"href":"http:\/\/test.s385-fair4host.http-s.de\/index.php\/wp-json\/wp\/v2\/product\/20006172"}],"collection":[{"href":"http:\/\/test.s385-fair4host.http-s.de\/index.php\/wp-json\/wp\/v2\/product"}],"about":[{"href":"http:\/\/test.s385-fair4host.http-s.de\/index.php\/wp-json\/wp\/v2\/types\/product"}],"replies":[{"embeddable":true,"href":"http:\/\/test.s385-fair4host.http-s.de\/index.php\/wp-json\/wp\/v2\/comments?post=20006172"}],"wp:featuredmedia":[{"embeddable":true,"href":"http:\/\/test.s385-fair4host.http-s.de\/index.php\/wp-json\/wp\/v2\/media\/20006173"}],"wp:attachment":[{"href":"http:\/\/test.s385-fair4host.http-s.de\/index.php\/wp-json\/wp\/v2\/media?parent=20006172"}],"curies":[{"name":"wp","href":"https:\/\/api.w.org\/{rel}","templated":true}]}}