{"id":20006170,"date":"2021-01-07T20:38:13","date_gmt":"2021-01-07T19:38:13","guid":{"rendered":"http:\/\/test.s385-fair4host.http-s.de\/index.php\/produkt\/aoc-essential-line-e2475pwj-computerbildschirm-61-cm-24-zoll-1920-x-1080-pixel-full-hd-lcd-schwarz\/"},"modified":"2021-01-07T20:38:13","modified_gmt":"2021-01-07T19:38:13","slug":"aoc-essential-line-e2475pwj-computerbildschirm-61-cm-24-zoll-1920-x-1080-pixel-full-hd-lcd-schwarz","status":"publish","type":"product","link":"http:\/\/test.s385-fair4host.http-s.de\/index.php\/produkt\/aoc-essential-line-e2475pwj-computerbildschirm-61-cm-24-zoll-1920-x-1080-pixel-full-hd-lcd-schwarz\/","title":{"rendered":"AOC Essential-line E2475PWJ Computerbildschirm 61 cm (24 Zoll) 1920 x 1080 Pixel Full HD LCD Schwarz"},"content":{"rendered":"<p><b>Bequemes Betrachten, bemerkenswerte Leistung<\/b><br \/>Dieser ergonomisch einstellbare und energieeffiziente Business-Monitor verf\u00fcgt \u00fcber VGA, DVI und HDMI-Anschl\u00fcsse als High-Speed-Digital-Eingang sowie \u00fcber Stereo-Lautsprecher.<\/p>\n","protected":false},"excerpt":{"rendered":"<p>23.6 inch 1920&#215;1080@60Hz 2 ms TN HDMI 1.4 x 1, VGA, DVI<\/p>\n","protected":false},"featured_media":20006171,"comment_status":"open","ping_status":"closed","template":"","meta":{"spay_email":""},"_links":{"self":[{"href":"http:\/\/test.s385-fair4host.http-s.de\/index.php\/wp-json\/wp\/v2\/product\/20006170"}],"collection":[{"href":"http:\/\/test.s385-fair4host.http-s.de\/index.php\/wp-json\/wp\/v2\/product"}],"about":[{"href":"http:\/\/test.s385-fair4host.http-s.de\/index.php\/wp-json\/wp\/v2\/types\/product"}],"replies":[{"embeddable":true,"href":"http:\/\/test.s385-fair4host.http-s.de\/index.php\/wp-json\/wp\/v2\/comments?post=20006170"}],"wp:featuredmedia":[{"embeddable":true,"href":"http:\/\/test.s385-fair4host.http-s.de\/index.php\/wp-json\/wp\/v2\/media\/20006171"}],"wp:attachment":[{"href":"http:\/\/test.s385-fair4host.http-s.de\/index.php\/wp-json\/wp\/v2\/media?parent=20006170"}],"curies":[{"name":"wp","href":"https:\/\/api.w.org\/{rel}","templated":true}]}}