{"id":20006166,"date":"2021-01-07T20:38:10","date_gmt":"2021-01-07T19:38:10","guid":{"rendered":"http:\/\/test.s385-fair4host.http-s.de\/index.php\/produkt\/dell-latitude-5310-hybrid-2-in-1-338-cm-13-3-zoll-1920-x-1080-pixel-touchscreen-intel-core-i5-prozessoren-der-10-generation-16-gb-ddr4-sdram-512-gb-ssd-wi-fi-6-802-11ax-windows\/"},"modified":"2021-01-07T20:38:10","modified_gmt":"2021-01-07T19:38:10","slug":"dell-latitude-5310-hybrid-2-in-1-338-cm-13-3-zoll-1920-x-1080-pixel-touchscreen-intel-core-i5-prozessoren-der-10-generation-16-gb-ddr4-sdram-512-gb-ssd-wi-fi-6-802-11ax-windows","status":"publish","type":"product","link":"http:\/\/test.s385-fair4host.http-s.de\/index.php\/produkt\/dell-latitude-5310-hybrid-2-in-1-338-cm-13-3-zoll-1920-x-1080-pixel-touchscreen-intel-core-i5-prozessoren-der-10-generation-16-gb-ddr4-sdram-512-gb-ssd-wi-fi-6-802-11ax-windows\/","title":{"rendered":"DELL Latitude 5310 Hybrid (2-in-1) 33,8 cm (13.3 Zoll) 1920 x 1080 Pixel Touchscreen Intel\u00ae Core\u2122 i5 Prozessoren der 10. Generation 16 GB DDR4-SDRAM 512 GB SSD Wi-Fi 6 (802.11ax) Windows 10 Pro Schwarz"},"content":{"rendered":"<p><b>Skalierbar. Intelligent. Vielseitig.<\/b><br \/>Der weltweit kleinste, intelligenteste und 33,8 cm (13&#8243;) gro\u00dfe Mainstream-2-in-1-System-Laptop f\u00fcr Unternehmen ist auch der erste mit integrierter KI. Die kompakte Gr\u00f6\u00dfe und das vielseitige Design bieten Ihnen die Flexibilit\u00e4t, um zu arbeiten, wie und wo Sie m\u00f6chten.<\/p>\n","protected":false},"excerpt":{"rendered":"<p>Intel Core i5-10310U (6MB Cache, 1.7GHz), 16GB DDR4-SDRAM, 512GB SSD, 33.8 cm (13.3&#8243;) Full HD 1920 x 1080 Touch, Intel UHD Graphics, WLAN, Webcam, Windows 10 Pro 64-bit<\/p>\n","protected":false},"featured_media":20006167,"comment_status":"open","ping_status":"closed","template":"","meta":{"spay_email":""},"_links":{"self":[{"href":"http:\/\/test.s385-fair4host.http-s.de\/index.php\/wp-json\/wp\/v2\/product\/20006166"}],"collection":[{"href":"http:\/\/test.s385-fair4host.http-s.de\/index.php\/wp-json\/wp\/v2\/product"}],"about":[{"href":"http:\/\/test.s385-fair4host.http-s.de\/index.php\/wp-json\/wp\/v2\/types\/product"}],"replies":[{"embeddable":true,"href":"http:\/\/test.s385-fair4host.http-s.de\/index.php\/wp-json\/wp\/v2\/comments?post=20006166"}],"wp:featuredmedia":[{"embeddable":true,"href":"http:\/\/test.s385-fair4host.http-s.de\/index.php\/wp-json\/wp\/v2\/media\/20006167"}],"wp:attachment":[{"href":"http:\/\/test.s385-fair4host.http-s.de\/index.php\/wp-json\/wp\/v2\/media?parent=20006166"}],"curies":[{"name":"wp","href":"https:\/\/api.w.org\/{rel}","templated":true}]}}