{"id":20006154,"date":"2021-01-07T20:37:53","date_gmt":"2021-01-07T19:37:53","guid":{"rendered":"http:\/\/test.s385-fair4host.http-s.de\/index.php\/produkt\/netgear-r7000-wlan-router-gigabit-ethernet-dual-band-24-ghz-5-ghz-schwarz\/"},"modified":"2021-01-07T20:37:53","modified_gmt":"2021-01-07T19:37:53","slug":"netgear-r7000-wlan-router-gigabit-ethernet-dual-band-24-ghz-5-ghz-schwarz","status":"publish","type":"product","link":"http:\/\/test.s385-fair4host.http-s.de\/index.php\/produkt\/netgear-r7000-wlan-router-gigabit-ethernet-dual-band-24-ghz-5-ghz-schwarz\/","title":{"rendered":"Netgear R7000 WLAN-Router Gigabit Ethernet Dual-Band (2,4 GHz\/5 GHz) Schwarz"},"content":{"rendered":"<p>\u201eSind Sie ein Gamer? Dann ist das der perfekte Router f\u00fcr Sie! Dieser Gigabit WLAN-Router der n\u00e4chsten Generation ist f\u00fcr Spiele, Streaming und Mobilger\u00e4te konzipiert, verf\u00fcgt \u00fcber einen 1-GHz-Dual-Core-Prozessor und liefert extrem schnelle Verbindungen. Dadurch profitieren Sie von weniger Verz\u00f6gerungen und Zwischenspeicherungen. Zusammen mit Beamforming+ sowie integrierten leistungsstarken Verst\u00e4rkern und externen Antennen sind Sie nun bestens f\u00fcr extrem schnelle Verbindungen ger\u00fcstet! Nighthawk ist die optimale L\u00f6sung, selbst wenn Sie nicht zu Hause sind. Funktionen wie der NETGEAR genie\u00ae Remote-Zugriff, ReadyCLOUD\u00ae, OpenVPN und die Kwilt-App helfen Ihnen dabei, Ihr Netzwerk zu verwalten, Zugriff auf eine sichere, pers\u00f6nliche Cloud sowie Remote-Zugriff auf Ihr Heimnetzwerk zu erhalten und im Speicher gespeicherte Fotos von \u00fcberall aus zu teilen.\u201c<\/p>\n<p><b>Entwickelt f\u00fcr Gaming, Streaming und Mobilit\u00e4t<\/b><br \/>Der NETGEAR Nighthawk AC1900 Smart-WLAN-Router wurde f\u00fcr alle Ihre Online-Aktivit\u00e4ten mit hoher Bandbreitenauslastung entwickelt und sorgt dabei f\u00fcr Spitzengeschwindigkeiten. Der Nighthawk mit leistungsstarkem 1-GHz-Dual-Core-Prozessor und erweiterter Upstreaming-QoS f\u00fcr die XBox\u00ae und andere Spielkonsolen kann die Bandbreite f\u00fcr Ihre Onlinespiele priorisieren, damit andere Ger\u00e4te im Netzwerk die Verbindung nicht verlangsamen. Nighthawk verf\u00fcgt auch \u00fcber Downstreaming-QoS und ist f\u00fcr Streaming-Anwendungen wie YouTube\u00ae, Netflix\u00ae und andere optimiert, damit Sie Videos st\u00f6rungsfrei und mit weniger Zwischenspeicherungen streamen k\u00f6nnen. Bestandteile wie externe Hochleistungsantennen und Beamforming+ erm\u00f6glichen Ihnen au\u00dferdem die Steigerung der Mobilgeschwindigkeit um bis zu 100 %. So k\u00f6nnen Sie sich zu Hause frei bewegen, ohne sich Sorgen \u00fcber eine langsame oder unterbrochene Verbindung machen zu m\u00fcssen. <\/p>\n<p><b>Einfacher und sicherer Cloud-Speicher<\/b><br \/>\u00dcber den NETGEAR ReadyCLOUD\u00ae USB-Zugriff k\u00f6nnen Sie auf Dateien zugreifen, die auf einem USB-Laufwerk gespeichert sind, und diese teilen. Schlie\u00dfen Sie zum Anlegen eines sicheren Cloud-Speichers einfach Ihre USB-Festplatte an den NETGEAR\u00ae Nighthawk\u2122 WLAN-Router an. Genie\u00dfen Sie die Benutzerfreundlichkeit und den einfachen Zugriff auf Google Drive\u2122 und Dropbox\u00ae ganz ohne Geb\u00fchren, Speicherbegrenzungen oder Datenschutzrisiken. Mithilfe der mobilen App oder des ReadyCLOUD-Webportals haben Sie nun jederzeit und \u00fcberall Zugriff auf Ihr USB-Laufwerk zu Hause \u2013 es ist tats\u00e4chlich so einfach! <br \/>Sichern Sie Ihre Dateien sorgenfrei<br \/>Die KOSTENLOSE ReadyShare Vault-PC-Software plant automatische, problemlose Backups und sichert so wichtige Fotos und Dateien von jedem PC direkt auf dem verbundenen USB-Speicher. ReadyShare Vault kann KOSTENLOS heruntergeladen und mit dem Nighthawk verwendet werden.<\/p>\n","protected":false},"excerpt":{"rendered":"<p>AC1900, 600 Mbps @ 2.4GHz, 256 QAM + 1300 Mbps @ 5GHz 11ac, 5 x Gigabit Ethernet, Windows 8.1<\/p>\n","protected":false},"featured_media":20006155,"comment_status":"open","ping_status":"closed","template":"","meta":{"spay_email":""},"_links":{"self":[{"href":"http:\/\/test.s385-fair4host.http-s.de\/index.php\/wp-json\/wp\/v2\/product\/20006154"}],"collection":[{"href":"http:\/\/test.s385-fair4host.http-s.de\/index.php\/wp-json\/wp\/v2\/product"}],"about":[{"href":"http:\/\/test.s385-fair4host.http-s.de\/index.php\/wp-json\/wp\/v2\/types\/product"}],"replies":[{"embeddable":true,"href":"http:\/\/test.s385-fair4host.http-s.de\/index.php\/wp-json\/wp\/v2\/comments?post=20006154"}],"wp:featuredmedia":[{"embeddable":true,"href":"http:\/\/test.s385-fair4host.http-s.de\/index.php\/wp-json\/wp\/v2\/media\/20006155"}],"wp:attachment":[{"href":"http:\/\/test.s385-fair4host.http-s.de\/index.php\/wp-json\/wp\/v2\/media?parent=20006154"}],"curies":[{"name":"wp","href":"https:\/\/api.w.org\/{rel}","templated":true}]}}