{"id":20006152,"date":"2021-01-07T20:37:51","date_gmt":"2021-01-07T19:37:51","guid":{"rendered":"http:\/\/test.s385-fair4host.http-s.de\/index.php\/produkt\/tp-link-tl-wn881nd-eingebaut-wlan-300-mbit-s\/"},"modified":"2021-01-07T20:37:51","modified_gmt":"2021-01-07T19:37:51","slug":"tp-link-tl-wn881nd-eingebaut-wlan-300-mbit-s","status":"publish","type":"product","link":"http:\/\/test.s385-fair4host.http-s.de\/index.php\/produkt\/tp-link-tl-wn881nd-eingebaut-wlan-300-mbit-s\/","title":{"rendered":"TP-LINK TL-WN881ND Eingebaut WLAN 300 Mbit\/s"},"content":{"rendered":"<p><b>300Mbps-Wireless-N-PCI-Express-Adapter<\/b><br \/><b>H\u00f6hepunkte:<\/b><br \/>&#8211; Wireless-N-Geschwindigkeit von bis zu 300Mbps machen es ideal f\u00fcr Video-Streaming, Online-Gaming oder Internettelefonie;<br \/>&#8211; MIMO-Technologie mit einer besseren Signaldurchdringung, einer breiteren WLAN-Abdeckung, f\u00fcr eine bessere Leistung und Stabilit\u00e4t;<br \/>&#8211; Errichten Sie einfach einen abgesicherten WLAN-Zugang mit WPS\u2122 (Wi-Fi Protected Setup).<\/p>\n<p><b>CCA-Technologie &#8211; Stabile WLAN-Signale<\/b><br \/>Clear Channel Assessment (CCA) vermeidet automatisch Kanal-Konflikte, indem diese Funktion automatisch einen freien Kanal sucht und die Vorteile der Kanalanbindung ausnutzt, was die Leistung Ihres WLANs deutlich steigert.<\/p>\n<p><b>WPA\/WPA2-Verschl\u00fcsselung &#8211; Erweiterte Sicherheit<\/b><br \/>Im Hinblick auf die Sicherheit der WLAN-Verbindung ist die WEP-Verschl\u00fcsselung nicht mehr der beste und sicherste Schutz gegen Bedrohungen von au\u00dfen. Der TL-WN881ND bietet eine WPA\/WPA2-Verschl\u00fcsselung, die von den Firmen der WiFi-Alliance entwickelt worden ist und die Sicherheit Ihres WLANs f\u00f6rdert und das WLAN effektiv und effizient sch\u00fctzen kann.<\/p>\n<p><b>mitgelieferte CD f\u00fcr einfache Bedienung<\/b><br \/>Der TL-WN881ND wird mit einer CD-ROM geliefert, die ein Dienstprogramm enth\u00e4lt, das Ihnen dabei hilft, die Softwareinstallation durchzuf\u00fchren und die Einstellungen des WLAN einschlie\u00dflich der Sicherheitskonfigurationen und der WLAN-Verbindung vorzunehmen. Das macht es f\u00fcr Benutzer sehr einfach, sogar f\u00fcr unerfahrene Benutzer.<\/p>\n<p><b>Wireless-N-Geschwindigkeit &#038; -Reichweite<\/b><br \/>Die MIMO(Multiple Input, Multiple Output-Antennen)-Technik zeigt die hervorragende Eigenschaft, den Datenverlust \u00fcber lange Distanzen und durch Hindernisse in einem kleinen B\u00fcro oder in einer gro\u00dfen Wohnung abzumildern, sogar in einem Stahlbetonbau. Vor allem k\u00f6nnen Sie sich bei einer Langstreckenverbindung leicht dort auf das WLAN aufschalten, wo dies mit herk\u00f6mmlichen 11g-Produkten nicht m\u00f6glich ist.<\/p>\n<p><b>Was dieses Produkt macht<\/b><br \/>Der Wireless-N-PCI-Express-2.0 (x1)-Adapter TL-WN881ND erm\u00f6glicht es Ihnen, einen Desktop-Computer mit einem WLAN zu verbinden und auf eine Hochgeschwindigkeitsinternetverbindung zuzugreifen. Er erf\u00fcllt den IEEE802.11n-Standard und bietet Ihnen eine WLAN-Geschwindigkeit von bis zu 300Mbps, was sich positiv auf Online-Gaming oder sogar HD-Videostreaming auswirkt.<\/p>\n<p><b>Funktionen<\/b><br \/>&#8211; Wireless-N-Geschwindigkeiten von bis zu 300Mbps machen dieses Ger\u00e4t ideal f\u00fcr Video-Streaming, Online-Gaming und Internettelefonie;<br \/>&#8211; 2T2R-MIMO\u2122 liefert einen h\u00f6heren Durchsatz an Reichweite im Vergleich zu herk\u00f6mmlichem 1T1R;<br \/>&#8211; eichtes Setup eine sehr sichere drahtlose Verbindung mit der integrierten QSS-Software;<br \/>&#8211; Unterst\u00fctzt WEP mit 64\/128 Bit, WPA\/WPA2\/WPA-PSK\/WPA2-PSK(TKIP\/AES), unterst\u00fctzt IEEE 802.1X;<br \/>&#8211; Unterst\u00fctzt Windows 7 32\/64 Bit, Windows XP 32\/64 Bit, Vista 32\/64 Bit, Windows 2000;<br \/>&#8211; Ad-Hoc- und Infrastruktur-Modus;<br \/>&#8211; Unterst\u00fctzt Sony PSP X-Link f\u00fcr Online-Gaming unter Windows XP;<br \/>&#8211; Das mitgelieferte Dienstprogramm erm\u00f6glicht eine schnelle und problemlose Installation;<br \/>&#8211; Nahtlos kompatibel zu 802.11n\/b\/g-Produkten.<\/p>\n","protected":false},"excerpt":{"rendered":"<p>TL-WN881ND, 2.4GHz, PCI-E x1, 802.11b\/g\/n, 300Mb\/s, 2 x 2dBi RP-SMA, WPA\/WEP, Win<\/p>\n","protected":false},"featured_media":20006153,"comment_status":"open","ping_status":"closed","template":"","meta":{"spay_email":""},"_links":{"self":[{"href":"http:\/\/test.s385-fair4host.http-s.de\/index.php\/wp-json\/wp\/v2\/product\/20006152"}],"collection":[{"href":"http:\/\/test.s385-fair4host.http-s.de\/index.php\/wp-json\/wp\/v2\/product"}],"about":[{"href":"http:\/\/test.s385-fair4host.http-s.de\/index.php\/wp-json\/wp\/v2\/types\/product"}],"replies":[{"embeddable":true,"href":"http:\/\/test.s385-fair4host.http-s.de\/index.php\/wp-json\/wp\/v2\/comments?post=20006152"}],"wp:featuredmedia":[{"embeddable":true,"href":"http:\/\/test.s385-fair4host.http-s.de\/index.php\/wp-json\/wp\/v2\/media\/20006153"}],"wp:attachment":[{"href":"http:\/\/test.s385-fair4host.http-s.de\/index.php\/wp-json\/wp\/v2\/media?parent=20006152"}],"curies":[{"name":"wp","href":"https:\/\/api.w.org\/{rel}","templated":true}]}}