{"id":20006150,"date":"2021-01-07T20:37:50","date_gmt":"2021-01-07T19:37:50","guid":{"rendered":"http:\/\/test.s385-fair4host.http-s.de\/index.php\/produkt\/tp-link-24-port-gigabit-desktop-rackmount-switch\/"},"modified":"2021-01-07T20:37:50","modified_gmt":"2021-01-07T19:37:50","slug":"tp-link-24-port-gigabit-desktop-rackmount-switch","status":"publish","type":"product","link":"http:\/\/test.s385-fair4host.http-s.de\/index.php\/produkt\/tp-link-24-port-gigabit-desktop-rackmount-switch\/","title":{"rendered":"TP-LINK 24-Port-Gigabit-Desktop-\/Rackmount-Switch"},"content":{"rendered":"<p>Der 24-Port Gigabit-Switch TL-SG1024D erm\u00f6glicht Ihnen einen einfachen Umstieg auf Gigabit-Ethernet. Da alle 24 Ports Auto-MDI\/MDIX unterst\u00fctzen, brauchen Sie sich keine Gedanken mehr um den Kabeltyp zu machen. Dar\u00fcber hinaus k\u00f6nnen Sie mit der effizienten Energiespartechnik bis zu 20% sparen.<\/p>\n<p>Gigabit-Switch<\/p>\n<p>Ausgestattet mit 24 10\/100\/1000Mbps-Ports, erm\u00f6glicht Ihnen der TL-SG1024D eine einfache Erweiterung Ihres Netzes, womit der Transfer gro\u00dfer Daten erleichtert wird. Ideal f\u00fcr kleinere B\u00fcros oder Arbeitsgruppen, in denen gro\u00dfe Datenmengen ausgetauscht werden.<\/p>\n<p>GREEN-IT auch in Ihrem Ethernet<\/p>\n<p>Die neue Generation der 24-Port-Gigabit-Desktop-\/Rackmount-Switches beinhaltet eine neue und innovative Energiesparma\u00dfnahme. Dadurch k\u00f6nnen Sie Ihr Netzwerk erweitern und gleichzeitig Energie sparen, indem der Stromverbrauch automatisch an Ihre Netzwerkauslastung und die Kabell\u00e4nge angepasst wird. Ports, auf denen nicht gesendet bzw. empfangen wird, werden automatisch abgeschaltet.<\/p>\n<p>Einfache Nutzung<\/p>\n<p>Die Auto-Funktion dieses Gigabit-Switchs erm\u00f6glicht Ihnen eine einfache Inbetriebnahme. Durch Auto-MDI\/MDIX brauchen Sie nicht mehr zwischen Crossover- und Patchkabeln zu unterscheiden, Autoabstimmung an jedem Port passt die Verbindungsgeschwindigkeit entsprechend Ihres Netzwerkger\u00e4tes (10, 100 oder 1000Mbps) automatisch an.<\/p>\n<p>*Stromeinsparungen gemessen an einem gew\u00f6hnlichen TP-LINK-Switch. Die tats\u00e4chlichen Stromeinsparungen k\u00f6nnen abh\u00e4ngig von den Nutzungsbedingungen abweichen.<\/p>\n","protected":false},"excerpt":{"rendered":"<p>24 10\/100\/1000Mbps RJ45 Ports (Auto Negotiation\/Auto MDI\/MDIX), IEEE 802.3i, IEEE 802.3u, IEEE 802.3ab , IEEE 802.3x, 294 x 180 x 44 mm, 100-240VAC, 50\/60Hz<\/p>\n","protected":false},"featured_media":20006151,"comment_status":"open","ping_status":"closed","template":"","meta":{"spay_email":""},"_links":{"self":[{"href":"http:\/\/test.s385-fair4host.http-s.de\/index.php\/wp-json\/wp\/v2\/product\/20006150"}],"collection":[{"href":"http:\/\/test.s385-fair4host.http-s.de\/index.php\/wp-json\/wp\/v2\/product"}],"about":[{"href":"http:\/\/test.s385-fair4host.http-s.de\/index.php\/wp-json\/wp\/v2\/types\/product"}],"replies":[{"embeddable":true,"href":"http:\/\/test.s385-fair4host.http-s.de\/index.php\/wp-json\/wp\/v2\/comments?post=20006150"}],"wp:featuredmedia":[{"embeddable":true,"href":"http:\/\/test.s385-fair4host.http-s.de\/index.php\/wp-json\/wp\/v2\/media\/20006151"}],"wp:attachment":[{"href":"http:\/\/test.s385-fair4host.http-s.de\/index.php\/wp-json\/wp\/v2\/media?parent=20006150"}],"curies":[{"name":"wp","href":"https:\/\/api.w.org\/{rel}","templated":true}]}}