{"id":20006148,"date":"2021-01-07T20:37:49","date_gmt":"2021-01-07T19:37:49","guid":{"rendered":"http:\/\/test.s385-fair4host.http-s.de\/index.php\/produkt\/tp-link-wireless-n-usb-adapter\/"},"modified":"2021-01-07T20:37:49","modified_gmt":"2021-01-07T19:37:49","slug":"tp-link-wireless-n-usb-adapter","status":"publish","type":"product","link":"http:\/\/test.s385-fair4host.http-s.de\/index.php\/produkt\/tp-link-wireless-n-usb-adapter\/","title":{"rendered":"TP-LINK Wireless-N-USB-Adapter"},"content":{"rendered":"<p>Der Wireless-N-Cardbus-Adapter TL-WN811N entspricht den Standards IEEE 802.11n (Draft 2.0), IEEE 802.11g und IEEE 802.11b.Durchsatzraten von bis zu 300Mbps.MIMO-Technik und interne intelligente Antennen bieten noch bessere Performance, Stabilit\u00e4t und Abdeckung.Gleichzeitig vermeidet CCA automatisch Kanalkonflikte.Unterst\u00fctzt WEP mit 64\/128\/152 Bit, 128-Bit-WPA (TKIP\/AES), MIC, IV Expansion, Shared-Key-Authentifizierung und IEEE 802.1X. Zus\u00e4tzlich bietet das Produkt QSS (Quick Secure Setup), womit der Benutzer schnell und einfach eine verschl\u00fcsselte Verbindung einrichten kann.Au\u00dferdem kann dieses Produkt f\u00fcr datenhungrige und unterbrechungsempfindliche Anwendungen wie Telefonie, Video eingesetzt werden. QoS sorgt f\u00fcr die erforderliche Datenrate.Weiterhin kann das Produkt auch mit 11g- und 11n-Ger\u00e4ten zusammenarbeiten.<\/p>\n","protected":false},"excerpt":{"rendered":"<p>N USB Adapter, Atheros, 2T2R, 2.4Ghz, 802.11n Draft 2.0, 802.11g\/b<\/p>\n","protected":false},"featured_media":20006149,"comment_status":"open","ping_status":"closed","template":"","meta":{"spay_email":""},"_links":{"self":[{"href":"http:\/\/test.s385-fair4host.http-s.de\/index.php\/wp-json\/wp\/v2\/product\/20006148"}],"collection":[{"href":"http:\/\/test.s385-fair4host.http-s.de\/index.php\/wp-json\/wp\/v2\/product"}],"about":[{"href":"http:\/\/test.s385-fair4host.http-s.de\/index.php\/wp-json\/wp\/v2\/types\/product"}],"replies":[{"embeddable":true,"href":"http:\/\/test.s385-fair4host.http-s.de\/index.php\/wp-json\/wp\/v2\/comments?post=20006148"}],"wp:featuredmedia":[{"embeddable":true,"href":"http:\/\/test.s385-fair4host.http-s.de\/index.php\/wp-json\/wp\/v2\/media\/20006149"}],"wp:attachment":[{"href":"http:\/\/test.s385-fair4host.http-s.de\/index.php\/wp-json\/wp\/v2\/media?parent=20006148"}],"curies":[{"name":"wp","href":"https:\/\/api.w.org\/{rel}","templated":true}]}}