{"id":20006146,"date":"2021-01-07T20:37:47","date_gmt":"2021-01-07T19:37:47","guid":{"rendered":"http:\/\/test.s385-fair4host.http-s.de\/index.php\/produkt\/tp-link-300mbps-wireless-n-router\/"},"modified":"2021-01-07T20:37:47","modified_gmt":"2021-01-07T19:37:47","slug":"tp-link-300mbps-wireless-n-router","status":"publish","type":"product","link":"http:\/\/test.s385-fair4host.http-s.de\/index.php\/produkt\/tp-link-300mbps-wireless-n-router\/","title":{"rendered":"TP-LINK 300Mbps-Wireless-N-Router"},"content":{"rendered":"<p>Der Wireless-N-Router TL-WR841N verbindet drahtgebundene und drahtlose Netze und ist besonders f\u00fcr Kleinb\u00fcro- und Heimbetrieb geeignet. Er entspricht dem IEEE802.11n(Draft 2.0)-Standard und erlaubt Datenraten von bis zu 300Mbps.Der Router beherrscht die 2*2-MIMO-Technik und verf\u00fcgt \u00fcber zwei externe Antennen noch bessere Performance, \u00dcbertragungsraten, Stabilit\u00e4t und Abdeckung.Gleichzeitig sorgt CCA automatisch f\u00fcr interferenzfreie Kanalnutzung.Kompatibel zu anderen 11g- und 11n-WLAN-Produkten.<\/p>\n<p>Der TL-WR841N beherrscht mehrere Sicherheitsmerkmale.Es werden Unterdr\u00fcckung der SSID-Aussendung, MAC-Adressfilterung, WEP-Verschl\u00fcsselung, WPA\/WPA2 und WPA-PSK\/WPA2-PSK unterst\u00fctzt.Gleichzeitig sorgt QSS (Quick Secure Setup, kompatibel zu WPS) f\u00fcr eine kinderleichte Einrichtung einer verschl\u00fcsselten Verbindung.<\/p>\n<p>Mit diesen Funktionalit\u00e4ten sch\u00fctzt der Router Ihr Netz noch besser gegen Angreifer von au\u00dfen.Der TL-WR841N erlaubt es, eine Internetverbindung mehreren Computern zur Verf\u00fcgung zu stellen.\u00dcber die einfache Installation und die Breitbandrouterfunktionen des Produkts hinausgehend unterst\u00fctzt er auch Priority of Service, das unterbrechungsanf\u00e4lligen Anwendungen wie Telefonie und Videostreaming h\u00f6here Priorit\u00e4t zuweist.<\/p>\n<p>Der Router unterst\u00fctzt auch Dial-on-Demand, Onlinezugriffsverwaltung, automatische Virenisolation, UPnP, DDNS, erweiterte Systemsicherheit, benutzerfreundliche Oberfl\u00e4che und einfache Konfiguration zur komfortablen Einrichtung des Routers.Dies ist ein modernes, performantes Produkt, das die erste Wahl beim Einrichten eines Netzes darstellt.<\/p>\n","protected":false},"excerpt":{"rendered":"<p>TL-WR841N &#8211; IEEE 802.11n, IEEE 802.11g, IEEE 802.11b, 2.4 &#8211; 2.4835GHz<\/p>\n","protected":false},"featured_media":20006147,"comment_status":"open","ping_status":"closed","template":"","meta":{"spay_email":""},"_links":{"self":[{"href":"http:\/\/test.s385-fair4host.http-s.de\/index.php\/wp-json\/wp\/v2\/product\/20006146"}],"collection":[{"href":"http:\/\/test.s385-fair4host.http-s.de\/index.php\/wp-json\/wp\/v2\/product"}],"about":[{"href":"http:\/\/test.s385-fair4host.http-s.de\/index.php\/wp-json\/wp\/v2\/types\/product"}],"replies":[{"embeddable":true,"href":"http:\/\/test.s385-fair4host.http-s.de\/index.php\/wp-json\/wp\/v2\/comments?post=20006146"}],"wp:featuredmedia":[{"embeddable":true,"href":"http:\/\/test.s385-fair4host.http-s.de\/index.php\/wp-json\/wp\/v2\/media\/20006147"}],"wp:attachment":[{"href":"http:\/\/test.s385-fair4host.http-s.de\/index.php\/wp-json\/wp\/v2\/media?parent=20006146"}],"curies":[{"name":"wp","href":"https:\/\/api.w.org\/{rel}","templated":true}]}}