{"id":20006144,"date":"2021-01-07T20:37:46","date_gmt":"2021-01-07T19:37:46","guid":{"rendered":"http:\/\/test.s385-fair4host.http-s.de\/index.php\/produkt\/eaton-ellipse-pro-1600-din-line-interaktiv-1600-va-1000-w-8-ac-ausgaenge\/"},"modified":"2021-01-07T20:37:46","modified_gmt":"2021-01-07T19:37:46","slug":"eaton-ellipse-pro-1600-din-line-interaktiv-1600-va-1000-w-8-ac-ausgaenge","status":"publish","type":"product","link":"http:\/\/test.s385-fair4host.http-s.de\/index.php\/produkt\/eaton-ellipse-pro-1600-din-line-interaktiv-1600-va-1000-w-8-ac-ausgaenge\/","title":{"rendered":"Eaton Ellipse PRO 1600 DIN Line-Interaktiv 1600 VA 1000 W 8 AC-Ausg\u00e4nge"},"content":{"rendered":"<p>Die Eaton Ellipse PRO 650-1600VA ist eine lineinteraktiveUSV, speziell f\u00fcr den Schutz von Workstations mit anspruchsvollen Applikationen entwickelt. Die Ellipse PRO ist mit einem LCD-Display f\u00fcr Echtzeit-Statusanzeige und Messwerte ausgestattet. Sie verf\u00fcgt auch \u00fcber EcoControl Steckdosen, die Energieeinsparungen von bis zu 20 Prozent erm\u00f6glichen, sowie \u00fcber Advanced Surge Reduction (ASR) \u2013\u00dcberspannungsschutz- entsprechend den Anforderungen des IEC 616431-1 Standards.<\/p>\n","protected":false},"excerpt":{"rendered":"<p>Ellipse PRO 1600 DIN<\/p>\n","protected":false},"featured_media":20006145,"comment_status":"open","ping_status":"closed","template":"","meta":{"spay_email":""},"_links":{"self":[{"href":"http:\/\/test.s385-fair4host.http-s.de\/index.php\/wp-json\/wp\/v2\/product\/20006144"}],"collection":[{"href":"http:\/\/test.s385-fair4host.http-s.de\/index.php\/wp-json\/wp\/v2\/product"}],"about":[{"href":"http:\/\/test.s385-fair4host.http-s.de\/index.php\/wp-json\/wp\/v2\/types\/product"}],"replies":[{"embeddable":true,"href":"http:\/\/test.s385-fair4host.http-s.de\/index.php\/wp-json\/wp\/v2\/comments?post=20006144"}],"wp:featuredmedia":[{"embeddable":true,"href":"http:\/\/test.s385-fair4host.http-s.de\/index.php\/wp-json\/wp\/v2\/media\/20006145"}],"wp:attachment":[{"href":"http:\/\/test.s385-fair4host.http-s.de\/index.php\/wp-json\/wp\/v2\/media?parent=20006144"}],"curies":[{"name":"wp","href":"https:\/\/api.w.org\/{rel}","templated":true}]}}