{"id":20006142,"date":"2021-01-07T20:37:45","date_gmt":"2021-01-07T19:37:45","guid":{"rendered":"http:\/\/test.s385-fair4host.http-s.de\/index.php\/produkt\/eaton-7590115-usv-batterie-plombierte-bleisaeure-vrla\/"},"modified":"2021-01-07T20:37:45","modified_gmt":"2021-01-07T19:37:45","slug":"eaton-7590115-usv-batterie-plombierte-bleisaeure-vrla","status":"publish","type":"product","link":"http:\/\/test.s385-fair4host.http-s.de\/index.php\/produkt\/eaton-7590115-usv-batterie-plombierte-bleisaeure-vrla\/","title":{"rendered":"Eaton 7590115 USV-Batterie Plombierte Bleis\u00e4ure (VRLA)"},"content":{"rendered":"<p>Batterien sind das Herzst\u00fcck Ihres USV-Systems. Deshalb haben wir bei Eaton, um sicherzustellen, dass sie in einem optimalen Zustand sind jederzeit wollen.<br \/>Nach einigen Jahren des Betriebs, wird Ihre Batterien gewechselt werden m\u00fcssen. Aufgrund der besonderen Natur der USV-Batterie-Systemen, ist es wichtig, dass die \u00c4nderung professionell durchgef\u00fchrt wird. Dar\u00fcber hinaus macht Eaton Service-Team die notwendigen Vorbereitungen im Werk auf rasches Handeln bei Ihnen vor Ort zu gew\u00e4hrleisten.<\/p>\n","protected":false},"excerpt":{"rendered":"<p>Batteriesatz 7590115<\/p>\n","protected":false},"featured_media":20006143,"comment_status":"open","ping_status":"closed","template":"","meta":{"spay_email":""},"_links":{"self":[{"href":"http:\/\/test.s385-fair4host.http-s.de\/index.php\/wp-json\/wp\/v2\/product\/20006142"}],"collection":[{"href":"http:\/\/test.s385-fair4host.http-s.de\/index.php\/wp-json\/wp\/v2\/product"}],"about":[{"href":"http:\/\/test.s385-fair4host.http-s.de\/index.php\/wp-json\/wp\/v2\/types\/product"}],"replies":[{"embeddable":true,"href":"http:\/\/test.s385-fair4host.http-s.de\/index.php\/wp-json\/wp\/v2\/comments?post=20006142"}],"wp:featuredmedia":[{"embeddable":true,"href":"http:\/\/test.s385-fair4host.http-s.de\/index.php\/wp-json\/wp\/v2\/media\/20006143"}],"wp:attachment":[{"href":"http:\/\/test.s385-fair4host.http-s.de\/index.php\/wp-json\/wp\/v2\/media?parent=20006142"}],"curies":[{"name":"wp","href":"https:\/\/api.w.org\/{rel}","templated":true}]}}