{"id":20006140,"date":"2021-01-07T20:37:44","date_gmt":"2021-01-07T19:37:44","guid":{"rendered":"http:\/\/test.s385-fair4host.http-s.de\/index.php\/produkt\/eaton-ellipse-eco-1200-usb-din-standby-offline-1200-va-750-w-8-ac-ausgaenge\/"},"modified":"2021-01-07T20:37:44","modified_gmt":"2021-01-07T19:37:44","slug":"eaton-ellipse-eco-1200-usb-din-standby-offline-1200-va-750-w-8-ac-ausgaenge","status":"publish","type":"product","link":"http:\/\/test.s385-fair4host.http-s.de\/index.php\/produkt\/eaton-ellipse-eco-1200-usb-din-standby-offline-1200-va-750-w-8-ac-ausgaenge\/","title":{"rendered":"Eaton Ellipse ECO 1200 USB DIN Standby (Offline) 1200 VA 750 W 8 AC-Ausg\u00e4nge"},"content":{"rendered":"<p>Die Eaton Ellipse ECO ist ein Slim-Line-Stromversorgungsschutz mit eingebautem Hochleistungs-\u00dcberspannungsschutz (gem\u00e4\u00df der Norm IEC 61643-1). Mit ihrem effizienten elektrischen Design und der EcoControl-Funktion (USB-Modelle) hilft Ihnen die Eaton Ellipse ECO, im Vergleich zu USVs der Vorgeneration bis zu 25% Energie einzusparen.<\/p>\n","protected":false},"excerpt":{"rendered":"<p>Ellipse ECO 1200 USB DIN<\/p>\n","protected":false},"featured_media":20006141,"comment_status":"open","ping_status":"closed","template":"","meta":{"spay_email":""},"_links":{"self":[{"href":"http:\/\/test.s385-fair4host.http-s.de\/index.php\/wp-json\/wp\/v2\/product\/20006140"}],"collection":[{"href":"http:\/\/test.s385-fair4host.http-s.de\/index.php\/wp-json\/wp\/v2\/product"}],"about":[{"href":"http:\/\/test.s385-fair4host.http-s.de\/index.php\/wp-json\/wp\/v2\/types\/product"}],"replies":[{"embeddable":true,"href":"http:\/\/test.s385-fair4host.http-s.de\/index.php\/wp-json\/wp\/v2\/comments?post=20006140"}],"wp:featuredmedia":[{"embeddable":true,"href":"http:\/\/test.s385-fair4host.http-s.de\/index.php\/wp-json\/wp\/v2\/media\/20006141"}],"wp:attachment":[{"href":"http:\/\/test.s385-fair4host.http-s.de\/index.php\/wp-json\/wp\/v2\/media?parent=20006140"}],"curies":[{"name":"wp","href":"https:\/\/api.w.org\/{rel}","templated":true}]}}