{"id":20006136,"date":"2021-01-07T20:37:31","date_gmt":"2021-01-07T19:37:31","guid":{"rendered":"http:\/\/test.s385-fair4host.http-s.de\/index.php\/produkt\/startech-com-hdmi-auf-dvi-d-videoadapterkabel-20cm-hdmi-buchse-auf-dvi-stecker\/"},"modified":"2021-01-07T20:37:31","modified_gmt":"2021-01-07T19:37:31","slug":"startech-com-hdmi-auf-dvi-d-videoadapterkabel-20cm-hdmi-buchse-auf-dvi-stecker","status":"publish","type":"product","link":"http:\/\/test.s385-fair4host.http-s.de\/index.php\/produkt\/startech-com-hdmi-auf-dvi-d-videoadapterkabel-20cm-hdmi-buchse-auf-dvi-stecker\/","title":{"rendered":"StarTech.com HDMI-auf-DVI-D Videoadapterkabel 20cm &#8211; HDMI-Buchse auf DVI-Stecker"},"content":{"rendered":"<p>Verbinden Sie ein DVI-D-Ger\u00e4t \u00fcber ein standardm\u00e4\u00dfiges HDMI-Kabel mit einem HDMI-f\u00e4higen Ger\u00e4t<\/p>\n<p>Das HDMI-auf-DVI-D-Videoadapterkabel HDDVIFM8IN verf\u00fcgt \u00fcber eine HDMI-Buchse und einen DVI-D-Stecker, sodass eine bidirektionale Verbindung zwischen HDMI-f\u00e4higen Ger\u00e4ten und DVI-D-f\u00e4higen Ger\u00e4ten m\u00f6glich ist und Kompatibilit\u00e4tsprobleme \u00fcberwunden werden.<\/p>\n<p>Der HDMI-auf-DVI-Dongle bietet eine Kabell\u00e4nge von 20 cm und mindert so die Zuglast an den Anschl\u00fcssen und vermeidet Sch\u00e4den am Kabel, w\u00e4hrend gleichzeitig die M\u00f6glichkeit des Blockierens benachbarter Ports reduziert wird. <\/p>\n<p>Dieses qualitativ hochwertige Kabel wurde f\u00fcr eine zuverl\u00e4ssige HDMI-DVI-Verbindung konzipiert und entwickelt. Die StarTech.com-Garantie gilt f\u00fcr seine gesamte Lebensdauer.<\/p>\n<p>The StarTech.com Advantage<\/p>\n<p>&#8211; Durch das 20 cm lange Dongle-Format wird eine m\u00f6gliche Blockierung anderer verf\u00fcgbarer Ports reduziert und Zuglast am HDMI-\/DVI-Anschluss eliminiert<br \/>&#8211; Eliminiert die Notwendigkeit f\u00fcr mehrere Kabel und Kabelgewirr durch bidirektionale Konnektivit\u00e4t zwischen HDMI-f\u00e4higen und DVI-D-f\u00e4higen Ger\u00e4ten<br \/>&#8211; Mit lebenslanger StarTech.com-Garantie<\/p>\n","protected":false},"excerpt":{"rendered":"<p>StarTech.com HDMI auf DVI Adapter 20cm &#8211;  DVI-D (25 pin) (Stecker) zu HDMI (19 pin) (Buchse) &#8211; Monitor Dongle Adapterkabel<\/p>\n","protected":false},"featured_media":20006137,"comment_status":"open","ping_status":"closed","template":"","meta":{"spay_email":""},"_links":{"self":[{"href":"http:\/\/test.s385-fair4host.http-s.de\/index.php\/wp-json\/wp\/v2\/product\/20006136"}],"collection":[{"href":"http:\/\/test.s385-fair4host.http-s.de\/index.php\/wp-json\/wp\/v2\/product"}],"about":[{"href":"http:\/\/test.s385-fair4host.http-s.de\/index.php\/wp-json\/wp\/v2\/types\/product"}],"replies":[{"embeddable":true,"href":"http:\/\/test.s385-fair4host.http-s.de\/index.php\/wp-json\/wp\/v2\/comments?post=20006136"}],"wp:featuredmedia":[{"embeddable":true,"href":"http:\/\/test.s385-fair4host.http-s.de\/index.php\/wp-json\/wp\/v2\/media\/20006137"}],"wp:attachment":[{"href":"http:\/\/test.s385-fair4host.http-s.de\/index.php\/wp-json\/wp\/v2\/media?parent=20006136"}],"curies":[{"name":"wp","href":"https:\/\/api.w.org\/{rel}","templated":true}]}}