{"id":20006134,"date":"2021-01-07T20:37:30","date_gmt":"2021-01-07T19:37:30","guid":{"rendered":"http:\/\/test.s385-fair4host.http-s.de\/index.php\/produkt\/startech-com-2-he-fest-montierter-schwerlast-fachboden-fuer-server-rack-schrank-bis-56-kg-45-cm-tief\/"},"modified":"2021-01-07T20:37:30","modified_gmt":"2021-01-07T19:37:30","slug":"startech-com-2-he-fest-montierter-schwerlast-fachboden-fuer-server-rack-schrank-bis-56-kg-45-cm-tief","status":"publish","type":"product","link":"http:\/\/test.s385-fair4host.http-s.de\/index.php\/produkt\/startech-com-2-he-fest-montierter-schwerlast-fachboden-fuer-server-rack-schrank-bis-56-kg-45-cm-tief\/","title":{"rendered":"StarTech.com 2 HE Fest montierter Schwerlast Fachboden f\u00fcr Server Rack\/ Schrank bis 56 Kg &#8211; 45 cm Tief"},"content":{"rendered":"<p>Mit dem CABSHELFHD 2U 18-Zoll tiefen, strapazierf\u00e4higen fest installierten Rackmount-Fach k\u00f6nnen Sie ein kompaktes 2U Fach in jedes standardm\u00e4\u00dfige 19-Zoll-Server-Rack oder jeden Schrank mit Optionen zur Frontmontage einsetzen. Dieses TAA-konforme Produkt entspricht den Anforderungen des US Federal Trade Agreement Act (TAA), sodass GSA Schedule-K\u00e4ufe der Regierung m\u00f6glich sind.<\/p>\n<p>Dieses hochleistungsf\u00e4hige Server-Rackfach wird aus kommerziellem, kalt gewalztem 2,3 mm SPCC-Stahl hergestellt, wodurch es bis zu 56 kg an Ger\u00e4ten tragen kann. Es ist somit eine perfekte L\u00f6sung zur Lagerung von gr\u00f6\u00dferen, nicht zur Rackmontage geeigneten Ger\u00e4ten, schwerem Werkzeug oder Peripherieger\u00e4ten in Ihrem Rack oder Schrank.<\/p>\n<p>Mit lebenslanger StarTech.com-Garantie<\/p>\n<p><b>Der StarTech.com-Vorteil<\/b><br \/>&#8211; Strapazierf\u00e4higes Server-Rackfach erm\u00f6glicht es, bis zu 56 kg an Ger\u00e4ten zu tragen<br \/>&#8211; Universelles 19-Zoll-Rackdesign f\u00fcr einfaches Hinzuf\u00fcgen eines Aufbewahrungsbords in fast jedes Geh\u00e4use oder jeden Schrank.<br \/>&#8211; Die stabile Stahlkonstruktion ist selbst f\u00fcr anspruchsvollste Umgebungen geeignet<\/p>\n","protected":false},"excerpt":{"rendered":"<p>StarTech.com 2 HE 19 Fest montierbarer Schwerlast Fachboden f\u00fcr Server Rack\/ Schrank bis 56 Kg &#8211; Fachboden f\u00fcr Serverschrank 45cm Tief<\/p>\n","protected":false},"featured_media":20006135,"comment_status":"open","ping_status":"closed","template":"","meta":{"spay_email":""},"_links":{"self":[{"href":"http:\/\/test.s385-fair4host.http-s.de\/index.php\/wp-json\/wp\/v2\/product\/20006134"}],"collection":[{"href":"http:\/\/test.s385-fair4host.http-s.de\/index.php\/wp-json\/wp\/v2\/product"}],"about":[{"href":"http:\/\/test.s385-fair4host.http-s.de\/index.php\/wp-json\/wp\/v2\/types\/product"}],"replies":[{"embeddable":true,"href":"http:\/\/test.s385-fair4host.http-s.de\/index.php\/wp-json\/wp\/v2\/comments?post=20006134"}],"wp:featuredmedia":[{"embeddable":true,"href":"http:\/\/test.s385-fair4host.http-s.de\/index.php\/wp-json\/wp\/v2\/media\/20006135"}],"wp:attachment":[{"href":"http:\/\/test.s385-fair4host.http-s.de\/index.php\/wp-json\/wp\/v2\/media?parent=20006134"}],"curies":[{"name":"wp","href":"https:\/\/api.w.org\/{rel}","templated":true}]}}