{"id":20006132,"date":"2021-01-07T20:37:29","date_gmt":"2021-01-07T19:37:29","guid":{"rendered":"http:\/\/test.s385-fair4host.http-s.de\/index.php\/produkt\/startech-com-40cm-seriell-db9-slotblech-mit-10-pin-mainboard-header\/"},"modified":"2021-01-07T20:37:29","modified_gmt":"2021-01-07T19:37:29","slug":"startech-com-40cm-seriell-db9-slotblech-mit-10-pin-mainboard-header","status":"publish","type":"product","link":"http:\/\/test.s385-fair4host.http-s.de\/index.php\/produkt\/startech-com-40cm-seriell-db9-slotblech-mit-10-pin-mainboard-header\/","title":{"rendered":"StarTech.com 40cm Seriell DB9 Slotblech mit 10 Pin Mainboard Header"},"content":{"rendered":"<p>F\u00fcgen Sie einen extra seriellen Anschluss von der Hauptplatine zur R\u00fcckseite des PC hinzu.<\/p>\n<p>Dieser Adapter f\u00fcr 9-polige serielle Stecker auf 10-polige Header-Slotbleche verf\u00fcgt \u00fcber einen DB9-Stecker und einen IDC10-Anschluss. Der Adapter ist aus hochwertigen Komponenten gefertigt und f\u00fcr den dauerhaften und zuverl\u00e4ssigen Betrieb konstruiert. <\/p>\n<p> Bitte beachten Sie die technischen Angaben, um sicherzustellen, dass dieses Produkt f\u00fcr Ihre Hauptplatine geeignet ist.<\/p>\n<p>The StarTech.com Advantage<\/p>\n<p>&#8211; Einfach zu verwenden und zu installieren<br \/>&#8211; Einfach auf der Hauptplatine einstecken, um einen zus\u00e4tzlichen seriellen Port auf der R\u00fcckseite Ihres PCs zu erhalten<br \/>&#8211; Mit lebenslanger StarTech.com-Garantie<\/p>\n","protected":false},"excerpt":{"rendered":"<p>StarTech.com DB9 Slotblech Seriell Motherboard Header mit 9pol Stecker an 10-pin Buchse &#8211;  Motherboard Header (Buchse) 1 x DB-9 (Stecker)<\/p>\n","protected":false},"featured_media":20006133,"comment_status":"open","ping_status":"closed","template":"","meta":{"spay_email":""},"_links":{"self":[{"href":"http:\/\/test.s385-fair4host.http-s.de\/index.php\/wp-json\/wp\/v2\/product\/20006132"}],"collection":[{"href":"http:\/\/test.s385-fair4host.http-s.de\/index.php\/wp-json\/wp\/v2\/product"}],"about":[{"href":"http:\/\/test.s385-fair4host.http-s.de\/index.php\/wp-json\/wp\/v2\/types\/product"}],"replies":[{"embeddable":true,"href":"http:\/\/test.s385-fair4host.http-s.de\/index.php\/wp-json\/wp\/v2\/comments?post=20006132"}],"wp:featuredmedia":[{"embeddable":true,"href":"http:\/\/test.s385-fair4host.http-s.de\/index.php\/wp-json\/wp\/v2\/media\/20006133"}],"wp:attachment":[{"href":"http:\/\/test.s385-fair4host.http-s.de\/index.php\/wp-json\/wp\/v2\/media?parent=20006132"}],"curies":[{"name":"wp","href":"https:\/\/api.w.org\/{rel}","templated":true}]}}