{"id":20006130,"date":"2021-01-07T20:37:27","date_gmt":"2021-01-07T19:37:27","guid":{"rendered":"http:\/\/test.s385-fair4host.http-s.de\/index.php\/produkt\/startech-com-displayport-auf-vga-video-adapter-konverter-mit-bis-zu-1920x1200-stecker-buchse\/"},"modified":"2021-01-07T20:37:27","modified_gmt":"2021-01-07T19:37:27","slug":"startech-com-displayport-auf-vga-video-adapter-konverter-mit-bis-zu-1920x1200-stecker-buchse","status":"publish","type":"product","link":"http:\/\/test.s385-fair4host.http-s.de\/index.php\/produkt\/startech-com-displayport-auf-vga-video-adapter-konverter-mit-bis-zu-1920x1200-stecker-buchse\/","title":{"rendered":"StarTech.com DisplayPort auf VGA Video Adapter \/ Konverter mit bis zu 1920&#215;1200 (Stecker\/Buchse)"},"content":{"rendered":"<p>Verbinden Sie Ihren VGA-Monitor mit einem PC mit DisplayPort<\/p>\n<p>Mit dem DisplayPort-auf-VGA-Adapter DP2VGA von StarTech.com k\u00f6nnen Sie einen VGA-Computermonitor an eine DisplayPort-Videokarte oder eine andere DisplayPort-Quelle anschlie\u00dfen und so die Kosten f\u00fcr die Aufr\u00fcstung des Monitors f\u00fcr Kompatibilit\u00e4t sparen.  Der DP-auf-VGA-Adapter nutzt einen integrierten Chip f\u00fcr eine aktive Digital-auf-Analog-Konvertierung.  Mit 2-j\u00e4hriger StarTech.com-Garantie sowie kostenloser technischer Betreuung f\u00fcr die gesamte Lebensdauer des Ger\u00e4ts.<\/p>\n<p>The StarTech.com Advantage<\/p>\n<p>&#8211; Einfach zu verwendender Konverter in kleinem Geh\u00e4use macht DisplayPort abw\u00e4rts kompatibel mit Ihrem VGA-Monitor.<\/p>\n","protected":false},"excerpt":{"rendered":"<p>StarTech.com DisplayPort auf VGA Video Adapter &#8211; DP 20 Pin (St) zu VGA 15 Pin (Bu) Konverter &#8211; 1920&#215;1200<\/p>\n","protected":false},"featured_media":20006131,"comment_status":"open","ping_status":"closed","template":"","meta":{"spay_email":""},"_links":{"self":[{"href":"http:\/\/test.s385-fair4host.http-s.de\/index.php\/wp-json\/wp\/v2\/product\/20006130"}],"collection":[{"href":"http:\/\/test.s385-fair4host.http-s.de\/index.php\/wp-json\/wp\/v2\/product"}],"about":[{"href":"http:\/\/test.s385-fair4host.http-s.de\/index.php\/wp-json\/wp\/v2\/types\/product"}],"replies":[{"embeddable":true,"href":"http:\/\/test.s385-fair4host.http-s.de\/index.php\/wp-json\/wp\/v2\/comments?post=20006130"}],"wp:featuredmedia":[{"embeddable":true,"href":"http:\/\/test.s385-fair4host.http-s.de\/index.php\/wp-json\/wp\/v2\/media\/20006131"}],"wp:attachment":[{"href":"http:\/\/test.s385-fair4host.http-s.de\/index.php\/wp-json\/wp\/v2\/media?parent=20006130"}],"curies":[{"name":"wp","href":"https:\/\/api.w.org\/{rel}","templated":true}]}}