{"id":20006124,"date":"2021-01-07T20:37:23","date_gmt":"2021-01-07T19:37:23","guid":{"rendered":"http:\/\/test.s385-fair4host.http-s.de\/index.php\/produkt\/be-quiet-pure-wings-2-140mm-computergehaeuse-ventilator-14-cm-schwarz\/"},"modified":"2021-01-07T20:37:23","modified_gmt":"2021-01-07T19:37:23","slug":"be-quiet-pure-wings-2-140mm-computergehaeuse-ventilator-14-cm-schwarz","status":"publish","type":"product","link":"http:\/\/test.s385-fair4host.http-s.de\/index.php\/produkt\/be-quiet-pure-wings-2-140mm-computergehaeuse-ventilator-14-cm-schwarz\/","title":{"rendered":"be quiet! PURE WINGS 2, 140mm Computergeh\u00e4use Ventilator 14 cm Schwarz"},"content":{"rendered":"<p>&#8222;Pure Wings 2 \u2013 Zuverl\u00e4ssige und leise K\u00fchlung<\/p>\n<p>Die Pure Wings 2 140mm L\u00fcfter statten nicht nur den Einstiegsrechner mit der wohlbekannten und leisen be quiet! K\u00fchlung aus, sondern sind gleichzeitig genauso gut f\u00fcr Gaming- und Multimediasysteme geeignet. Die Produkt-Highlights sind:<\/p>\n<p>&#8211; Neun luftstromoptimierte L\u00fcfterbl\u00e4tter zur Reduzierung ger\u00e4uschverursachender Luftturbulenzen bei gleichzeitiger Erh\u00f6hung des Luftstroms.<br \/>&#8211; Selbst bei maximaler Drehzahl erreicht der L\u00fcfter der Gr\u00f6\u00dfe 140mm nur 18,8 dB(A).<br \/>&#8211; Ein langlebiges Rifle-Lager, das zu einer Betriebsdauer von 80.000 (> 9 Jahre) beitr\u00e4gt.<br \/>&#8211; Produktkonzeption, Design und Qualit\u00e4tskontrolle in Deutschland.<\/p>\n<p>H\u00f6chste Zuverl\u00e4ssigkeit, ger\u00e4uscharmer Betrieb und ein hervorragendes Preis-Leistungs-Verh\u00e4ltnis: Die Pure Wings 2 140mm L\u00fcfter sind einzigartig in ihrer Klasse. Wenn es darum geht, die wohlbekannte und leise be quiet! K\u00fchlung in Ihrem PC einzusetzen, sind die Pure Wings 2 einfach die perfekte Wahl.&#8220;<\/p>\n","protected":false},"excerpt":{"rendered":"<p>PURE WINGS 2, 140mm, 1000rpm, 61.2cfm, 0.76mm H2O, 18.8dBa<\/p>\n","protected":false},"featured_media":20006125,"comment_status":"open","ping_status":"closed","template":"","meta":{"spay_email":""},"_links":{"self":[{"href":"http:\/\/test.s385-fair4host.http-s.de\/index.php\/wp-json\/wp\/v2\/product\/20006124"}],"collection":[{"href":"http:\/\/test.s385-fair4host.http-s.de\/index.php\/wp-json\/wp\/v2\/product"}],"about":[{"href":"http:\/\/test.s385-fair4host.http-s.de\/index.php\/wp-json\/wp\/v2\/types\/product"}],"replies":[{"embeddable":true,"href":"http:\/\/test.s385-fair4host.http-s.de\/index.php\/wp-json\/wp\/v2\/comments?post=20006124"}],"wp:featuredmedia":[{"embeddable":true,"href":"http:\/\/test.s385-fair4host.http-s.de\/index.php\/wp-json\/wp\/v2\/media\/20006125"}],"wp:attachment":[{"href":"http:\/\/test.s385-fair4host.http-s.de\/index.php\/wp-json\/wp\/v2\/media?parent=20006124"}],"curies":[{"name":"wp","href":"https:\/\/api.w.org\/{rel}","templated":true}]}}