{"id":20006122,"date":"2021-01-07T20:37:22","date_gmt":"2021-01-07T19:37:22","guid":{"rendered":"http:\/\/test.s385-fair4host.http-s.de\/index.php\/produkt\/lenovo-0b47484-netzteil-spannungsumwandler-indoor-65-w-schwarz\/"},"modified":"2021-01-07T20:37:22","modified_gmt":"2021-01-07T19:37:22","slug":"lenovo-0b47484-netzteil-spannungsumwandler-indoor-65-w-schwarz","status":"publish","type":"product","link":"http:\/\/test.s385-fair4host.http-s.de\/index.php\/produkt\/lenovo-0b47484-netzteil-spannungsumwandler-indoor-65-w-schwarz\/","title":{"rendered":"Lenovo 0B47484 Netzteil &#038; Spannungsumwandler Indoor 65 W Schwarz"},"content":{"rendered":"<p>Das 65-W-Netzteil f\u00fcr Lenovo ThinkPad bietet immer und \u00fcberall bequem die n\u00f6tige Stromversorgung. Dieses Netzteil ist mit allen nach 2013 entwickelten Lenovo-Notebooks kompatibel, die \u00fcber einen rechteckigen Slim-Tip-Netzstecker verf\u00fcgen. Es weist die gleichen technischen Daten wie das im Lieferumfang der kompatiblen Notebooks enthaltene Standardnetzteil auf. Die ThinkPad-Netzteile mit Slim-Tip-Netzstecker sind kompakt, unglaublich energiesparend und mit Energy Star V (ES 2.0) bewertet. Abgesichert ist jeder Adapter durch eine einj\u00e4hrige eingeschr\u00e4nkte Garantie mit renommiertem Service und Support von Lenovo.\u2022Systembaustein-Zubeh\u00f6r<br \/>&#8211; Weist dieselben Leistungsdaten wie das 65-W-Standard-Netzteil auf, das im Lieferumfang der Notebooks enthalten ist.<br \/>&#8211; Energieeffizient gem\u00e4\u00df Energy Star V (ES 2.0)<br \/>&#8211; Kompatibel mit den g\u00e4ngigen rechteckigen Slim-Tip-Netzstecker der Lenovo Laptops f\u00fcr 2013<br \/>&#8211; Nicht geeignet f\u00fcr \u00e4ltere Notebooks mit rundem Netzstecker<\/p>\n","protected":false},"excerpt":{"rendered":"<p>ThinkPad 65W AC Adapter<\/p>\n","protected":false},"featured_media":20006123,"comment_status":"open","ping_status":"closed","template":"","meta":{"spay_email":""},"_links":{"self":[{"href":"http:\/\/test.s385-fair4host.http-s.de\/index.php\/wp-json\/wp\/v2\/product\/20006122"}],"collection":[{"href":"http:\/\/test.s385-fair4host.http-s.de\/index.php\/wp-json\/wp\/v2\/product"}],"about":[{"href":"http:\/\/test.s385-fair4host.http-s.de\/index.php\/wp-json\/wp\/v2\/types\/product"}],"replies":[{"embeddable":true,"href":"http:\/\/test.s385-fair4host.http-s.de\/index.php\/wp-json\/wp\/v2\/comments?post=20006122"}],"wp:featuredmedia":[{"embeddable":true,"href":"http:\/\/test.s385-fair4host.http-s.de\/index.php\/wp-json\/wp\/v2\/media\/20006123"}],"wp:attachment":[{"href":"http:\/\/test.s385-fair4host.http-s.de\/index.php\/wp-json\/wp\/v2\/media?parent=20006122"}],"curies":[{"name":"wp","href":"https:\/\/api.w.org\/{rel}","templated":true}]}}