{"id":20006120,"date":"2021-01-07T20:37:21","date_gmt":"2021-01-07T19:37:21","guid":{"rendered":"http:\/\/test.s385-fair4host.http-s.de\/index.php\/produkt\/iiyama-prolite-e1980sd-483-cm-19-zoll-1280-x-1024-pixel-sxga-led-schwarz\/"},"modified":"2021-01-07T20:37:21","modified_gmt":"2021-01-07T19:37:21","slug":"iiyama-prolite-e1980sd-483-cm-19-zoll-1280-x-1024-pixel-sxga-led-schwarz","status":"publish","type":"product","link":"http:\/\/test.s385-fair4host.http-s.de\/index.php\/produkt\/iiyama-prolite-e1980sd-483-cm-19-zoll-1280-x-1024-pixel-sxga-led-schwarz\/","title":{"rendered":"iiyama ProLite E1980SD 48,3 cm (19 Zoll) 1280 x 1024 Pixel SXGA LED Schwarz"},"content":{"rendered":"<p>Der ProLite E1980SD ist ein LED-Backlight Monitor mit einer Bildschirmdiagonale von 19\u201c (48 cm) und einer Aufl\u00f6sung mit 1280 x1024 Bildpunkten. Seine Reaktionszeit von 5 ms und sein hohes Kontrastverh\u00e4ltnis machen den B1980SD ideal f\u00fcr ein breites Spektrum gesch\u00e4ftlichen und privaten Anwendungen. F\u00fcr gr\u00f6\u00dftm\u00f6gliche Kompatibilit\u00e4t zu den neuesten Grafikkarten bietet der Monitor Analog-und DVI-Eing\u00e4nge. Der Monitor ist zudem Energy Star und TCO zertifiziert. Verf\u00fcgbar in: Schwarz &#8211; ProLite E1980SD-B1.<\/p>\n","protected":false},"excerpt":{"rendered":"<p>E1980SD &#8211; 19&#8243;, 1280 x 1024, 5:4, 1000:1, 250 cd\/m\u00b2, 5 ms<\/p>\n","protected":false},"featured_media":20006121,"comment_status":"open","ping_status":"closed","template":"","meta":{"spay_email":""},"_links":{"self":[{"href":"http:\/\/test.s385-fair4host.http-s.de\/index.php\/wp-json\/wp\/v2\/product\/20006120"}],"collection":[{"href":"http:\/\/test.s385-fair4host.http-s.de\/index.php\/wp-json\/wp\/v2\/product"}],"about":[{"href":"http:\/\/test.s385-fair4host.http-s.de\/index.php\/wp-json\/wp\/v2\/types\/product"}],"replies":[{"embeddable":true,"href":"http:\/\/test.s385-fair4host.http-s.de\/index.php\/wp-json\/wp\/v2\/comments?post=20006120"}],"wp:featuredmedia":[{"embeddable":true,"href":"http:\/\/test.s385-fair4host.http-s.de\/index.php\/wp-json\/wp\/v2\/media\/20006121"}],"wp:attachment":[{"href":"http:\/\/test.s385-fair4host.http-s.de\/index.php\/wp-json\/wp\/v2\/media?parent=20006120"}],"curies":[{"name":"wp","href":"https:\/\/api.w.org\/{rel}","templated":true}]}}