{"id":20006118,"date":"2021-01-07T20:37:18","date_gmt":"2021-01-07T19:37:18","guid":{"rendered":"http:\/\/test.s385-fair4host.http-s.de\/index.php\/produkt\/iiyama-prolite-b2280wsd-b1-led-display-559-cm-22-zoll-1680-x-1050-pixel-schwarz\/"},"modified":"2021-01-07T20:37:18","modified_gmt":"2021-01-07T19:37:18","slug":"iiyama-prolite-b2280wsd-b1-led-display-559-cm-22-zoll-1680-x-1050-pixel-schwarz","status":"publish","type":"product","link":"http:\/\/test.s385-fair4host.http-s.de\/index.php\/produkt\/iiyama-prolite-b2280wsd-b1-led-display-559-cm-22-zoll-1680-x-1050-pixel-schwarz\/","title":{"rendered":"iiyama ProLite B2280WSD-B1 LED display 55,9 cm (22 Zoll) 1680 x 1050 Pixel Schwarz"},"content":{"rendered":"<p>Das 22-Zoll Display ProLite B2280WSD ist mit einem stromsparenden und langlebigen LED-Backlight ausgestattet. Die H\u00f6henverstellbarkeit und die Pivot Funktion sorgen f\u00fcr eine ergonomische Haltung und optimalen Sehkomfort am Arbeitsplatz. Eine Aufl\u00f6sung von 1680&#215;1050, ein Kontrastverh\u00e4ltnis von 5.000.000:1 ACR und eine Reaktionszeit von 5 ms machen den B22080WSD ideal f\u00fcr den Einsatz in Videokonferenzen, DTP-und CAD sowie Text-basierten Anwendungen. VGA- und DVI-Anschl\u00fcsse gew\u00e4hrleisten die Kompatibilit\u00e4t mit allen g\u00e4ngigen Systemen und Grafikkarten. Der Monitor ist TCO-und Energy Star zertifiziert. Eine zuverl\u00e4ssige L\u00f6sung f\u00fcr anspruchsvolle Heim- und B\u00fcro-Anwendungen.<\/p>\n<p><b>LED-Backlit<\/b><br \/>Ein typisches CCFL LCD benutzt vier Hintergrundbeleuchtungslampen. Die Verwendung von LED Dioden lassen die Leistungsaufnahme betr\u00e4chtlich sinken, verringern die CO2-Emissionen und stellen somit ein umweltfreundliches Produkt dar.<\/p>\n<p><b>ACR<\/b><br \/>Das Kontrastverh\u00e4ltnis ist ein Messwert um den maximalen relativen Helligkeitsunterscheid zwischen Schwarz und Wei\u00df darzustellen.<br \/>ACR (Advanced Contrast Ratio) ist ein Feature welches den Kontrast und Helligkeit automatisch ver\u00e4ndert. F\u00fcr perfekte Bilder bei Filmen oder beim spielen.<\/p>\n<p><b>VESA<\/b><br \/>VESA mount, Ein Standard wodurch Sie sehr leicht eine Wand- oder Tischhalterung anbringen k\u00f6nnen.<\/p>\n<p><b>Lautsprecher<\/b><br \/>Ausgestattet mit zwei hochwertigen Stereolautsprecher.<\/p>\n<p><b>HAS<\/b><br \/>Der h\u00f6henverstellbare Fu\u00df erm\u00f6glicht es Ihnen den Bildschirm perfekt zu positionieren, ein optimaler Sehkomfort ist dadurch gew\u00e4hrleistet. Ist gut f\u00fcr Ihre Gesundheit und steigert auch die Produktivit\u00e4t.<\/p>\n<p><b>Pivot<\/b><br \/>Mit der Pivotfunktion k\u00f6nnen sie den Bildschirm im Quer- oder Hochformat betreiben. Speziell gesch\u00e4tzt bei Anwendern die lange Tabellen oder Texte bearbeiten m\u00fcssen.<\/p>\n","protected":false},"excerpt":{"rendered":"<p>22&#8243; Wide LCD, 1680 x 1050, 250cd\/m2, 5ms, 5000000:1 ACR, Speakers, VGA &#038; DVI-D (HDCP)<\/p>\n","protected":false},"featured_media":20006119,"comment_status":"open","ping_status":"closed","template":"","meta":{"spay_email":""},"_links":{"self":[{"href":"http:\/\/test.s385-fair4host.http-s.de\/index.php\/wp-json\/wp\/v2\/product\/20006118"}],"collection":[{"href":"http:\/\/test.s385-fair4host.http-s.de\/index.php\/wp-json\/wp\/v2\/product"}],"about":[{"href":"http:\/\/test.s385-fair4host.http-s.de\/index.php\/wp-json\/wp\/v2\/types\/product"}],"replies":[{"embeddable":true,"href":"http:\/\/test.s385-fair4host.http-s.de\/index.php\/wp-json\/wp\/v2\/comments?post=20006118"}],"wp:featuredmedia":[{"embeddable":true,"href":"http:\/\/test.s385-fair4host.http-s.de\/index.php\/wp-json\/wp\/v2\/media\/20006119"}],"wp:attachment":[{"href":"http:\/\/test.s385-fair4host.http-s.de\/index.php\/wp-json\/wp\/v2\/media?parent=20006118"}],"curies":[{"name":"wp","href":"https:\/\/api.w.org\/{rel}","templated":true}]}}