{"id":20006116,"date":"2021-01-07T20:37:17","date_gmt":"2021-01-07T19:37:17","guid":{"rendered":"http:\/\/test.s385-fair4host.http-s.de\/index.php\/produkt\/v7-videoadapter-hdmi-m-auf-vga-f-weiss\/"},"modified":"2021-01-07T20:37:17","modified_gmt":"2021-01-07T19:37:17","slug":"v7-videoadapter-hdmi-m-auf-vga-f-weiss","status":"publish","type":"product","link":"http:\/\/test.s385-fair4host.http-s.de\/index.php\/produkt\/v7-videoadapter-hdmi-m-auf-vga-f-weiss\/","title":{"rendered":"V7 Videoadapter HDMI (m) auf VGA (f), wei\u00df"},"content":{"rendered":"<p>Hochwertiges, kompaktes Design mit langer Haltbarkeit und geringem \u00f6kologischem Fu\u00dfabdruck. Mit dem Mini-HDMI\u00ae-zu-VGA-Adapter k\u00f6nnen Sie den Mini-HDMI-Ausgang Ihrer Digitalkameras, Tablets oder Laptops \u00fcber ein VGA-Kabel mit dem VGA-Eingang eines Bildschirms oder Projektors verbinden. Der HDMI-zu-VGA-Wandler kann auch Ihre Produktivit\u00e4t steigern, indem der Desktop Ihres Computers auf einen zweiten Monitor ausgeweitet und somit Ihre verf\u00fcgbare Arbeitsoberfl\u00e4che verdoppelt wird.<\/p>\n","protected":false},"excerpt":{"rendered":"<p>Videoadapter HDMI (m) auf VGA (f), wei\u00df<\/p>\n","protected":false},"featured_media":20006117,"comment_status":"open","ping_status":"closed","template":"","meta":{"spay_email":""},"_links":{"self":[{"href":"http:\/\/test.s385-fair4host.http-s.de\/index.php\/wp-json\/wp\/v2\/product\/20006116"}],"collection":[{"href":"http:\/\/test.s385-fair4host.http-s.de\/index.php\/wp-json\/wp\/v2\/product"}],"about":[{"href":"http:\/\/test.s385-fair4host.http-s.de\/index.php\/wp-json\/wp\/v2\/types\/product"}],"replies":[{"embeddable":true,"href":"http:\/\/test.s385-fair4host.http-s.de\/index.php\/wp-json\/wp\/v2\/comments?post=20006116"}],"wp:featuredmedia":[{"embeddable":true,"href":"http:\/\/test.s385-fair4host.http-s.de\/index.php\/wp-json\/wp\/v2\/media\/20006117"}],"wp:attachment":[{"href":"http:\/\/test.s385-fair4host.http-s.de\/index.php\/wp-json\/wp\/v2\/media?parent=20006116"}],"curies":[{"name":"wp","href":"https:\/\/api.w.org\/{rel}","templated":true}]}}