{"id":20006114,"date":"2021-01-07T20:37:16","date_gmt":"2021-01-07T19:37:16","guid":{"rendered":"http:\/\/test.s385-fair4host.http-s.de\/index.php\/produkt\/v7-optische-led-usb-maus\/"},"modified":"2021-01-07T20:37:16","modified_gmt":"2021-01-07T19:37:16","slug":"v7-optische-led-usb-maus","status":"publish","type":"product","link":"http:\/\/test.s385-fair4host.http-s.de\/index.php\/produkt\/v7-optische-led-usb-maus\/","title":{"rendered":"V7 Optische LED USB Maus"},"content":{"rendered":"<p>Die V7 Maus MV3000 bietet im &#8222;Full Size&#8220; ein komfortables Design mit hochwertigem Oberfl\u00e4chen-Finish. Die Maus arbeitet sehr pr\u00e4zise dank optischen LED Sensor mit einer Aufl\u00f6sung von 1000dpi. \u00dcber 3 Tasten und integriertem Scroll-Rad sind alle wesentlichen Navigationsfunktionen bequem bedienbar.<\/p>\n<p>-Universelles Design<br \/>-Pr\u00e4zise Cursor-Kontrolle<br \/>-Integriertes Scroll-Rad<br \/>-Plug &#038; Play<br \/>-2 Jahre Garantie<\/p>\n","protected":false},"excerpt":{"rendered":"<p>Optische LED USB Maus<\/p>\n","protected":false},"featured_media":20006115,"comment_status":"open","ping_status":"closed","template":"","meta":{"spay_email":""},"_links":{"self":[{"href":"http:\/\/test.s385-fair4host.http-s.de\/index.php\/wp-json\/wp\/v2\/product\/20006114"}],"collection":[{"href":"http:\/\/test.s385-fair4host.http-s.de\/index.php\/wp-json\/wp\/v2\/product"}],"about":[{"href":"http:\/\/test.s385-fair4host.http-s.de\/index.php\/wp-json\/wp\/v2\/types\/product"}],"replies":[{"embeddable":true,"href":"http:\/\/test.s385-fair4host.http-s.de\/index.php\/wp-json\/wp\/v2\/comments?post=20006114"}],"wp:featuredmedia":[{"embeddable":true,"href":"http:\/\/test.s385-fair4host.http-s.de\/index.php\/wp-json\/wp\/v2\/media\/20006115"}],"wp:attachment":[{"href":"http:\/\/test.s385-fair4host.http-s.de\/index.php\/wp-json\/wp\/v2\/media?parent=20006114"}],"curies":[{"name":"wp","href":"https:\/\/api.w.org\/{rel}","templated":true}]}}