{"id":20006112,"date":"2021-01-07T20:37:14","date_gmt":"2021-01-07T19:37:14","guid":{"rendered":"http:\/\/test.s385-fair4host.http-s.de\/index.php\/produkt\/v7-display-reinigungsspray\/"},"modified":"2021-01-07T20:37:14","modified_gmt":"2021-01-07T19:37:14","slug":"v7-display-reinigungsspray","status":"publish","type":"product","link":"http:\/\/test.s385-fair4host.http-s.de\/index.php\/produkt\/v7-display-reinigungsspray\/","title":{"rendered":"V7 Display-Reinigungsspray"},"content":{"rendered":"<p>Die in Deutschland hergestellten V7 Reinigungsprodukte bieten eine optimale L\u00f6sung f\u00fcr alle PC-Komponenten und dar\u00fcber hinaus auch f\u00fcr alle weiteren B\u00fcroger\u00e4te rund um den Arbeitsplatz. So ist eine gr\u00fcndliche und fachgerechte Reinigung und damit eine verl\u00e4ngerte Werterhaltung Ihres Computers und Ihrer B\u00fcromaschinen gew\u00e4hrleistet.<br \/>Pump-Spray zur streifenfreien Reinigung von TFT-\/LCD-Monitoren, Notebook-Bildschirmen usw.<br \/>Inhalt: 250 ml<br \/>Alkoholfrei, nicht brennbar<\/p>\n","protected":false},"excerpt":{"rendered":"<p>Display-Reinigungsspray<\/p>\n","protected":false},"featured_media":20006113,"comment_status":"open","ping_status":"closed","template":"","meta":{"spay_email":""},"_links":{"self":[{"href":"http:\/\/test.s385-fair4host.http-s.de\/index.php\/wp-json\/wp\/v2\/product\/20006112"}],"collection":[{"href":"http:\/\/test.s385-fair4host.http-s.de\/index.php\/wp-json\/wp\/v2\/product"}],"about":[{"href":"http:\/\/test.s385-fair4host.http-s.de\/index.php\/wp-json\/wp\/v2\/types\/product"}],"replies":[{"embeddable":true,"href":"http:\/\/test.s385-fair4host.http-s.de\/index.php\/wp-json\/wp\/v2\/comments?post=20006112"}],"wp:featuredmedia":[{"embeddable":true,"href":"http:\/\/test.s385-fair4host.http-s.de\/index.php\/wp-json\/wp\/v2\/media\/20006113"}],"wp:attachment":[{"href":"http:\/\/test.s385-fair4host.http-s.de\/index.php\/wp-json\/wp\/v2\/media?parent=20006112"}],"curies":[{"name":"wp","href":"https:\/\/api.w.org\/{rel}","templated":true}]}}