{"id":20006108,"date":"2021-01-07T20:37:12","date_gmt":"2021-01-07T19:37:12","guid":{"rendered":"http:\/\/test.s385-fair4host.http-s.de\/index.php\/produkt\/v7-usb-kabel-usb-2-0-a-m-auf-usb-2-0-a-m-schwarz-5m-16-4ft\/"},"modified":"2021-01-07T20:37:12","modified_gmt":"2021-01-07T19:37:12","slug":"v7-usb-kabel-usb-2-0-a-m-auf-usb-2-0-a-m-schwarz-5m-16-4ft","status":"publish","type":"product","link":"http:\/\/test.s385-fair4host.http-s.de\/index.php\/produkt\/v7-usb-kabel-usb-2-0-a-m-auf-usb-2-0-a-m-schwarz-5m-16-4ft\/","title":{"rendered":"V7 USB Kabel USB 2.0 A (m) auf USB 2.0 A (m), schwarz 5m 16.4ft"},"content":{"rendered":"<p>Warum V7 Kabel?+ Auswahl &#8211; W\u00e4hlen Sie aus einer umfangreichen Palette an L\u00e4ngen- und Farboptionen.<br \/>+ Preis &#8211; V7 Kabel bieten ein unschlagbar g\u00fcnstiges Preis-Leistungsverh\u00e4ltnis in bester Markenqualit\u00e4t.<br \/>+ Zuverl\u00e4ssigkeit &#8211; Strenge Produktionskontrollen gew\u00e4hrleisten eine erstklassige Qualit\u00e4t.<br \/>+ Garantie &#8211; V7 Produkte bieten eine lebenslange Garantie gegen Material- oder Herstellungsfehler und gew\u00e4hrleisten eine sorgenfreie Verwendung.<\/p>\n","protected":false},"excerpt":{"rendered":"<p>USB Kabel USB 2.0\u00a0A (m) auf USB 2.0\u00a0A (m), schwarz 5m 16.4ft<\/p>\n","protected":false},"featured_media":20006109,"comment_status":"open","ping_status":"closed","template":"","meta":{"spay_email":""},"_links":{"self":[{"href":"http:\/\/test.s385-fair4host.http-s.de\/index.php\/wp-json\/wp\/v2\/product\/20006108"}],"collection":[{"href":"http:\/\/test.s385-fair4host.http-s.de\/index.php\/wp-json\/wp\/v2\/product"}],"about":[{"href":"http:\/\/test.s385-fair4host.http-s.de\/index.php\/wp-json\/wp\/v2\/types\/product"}],"replies":[{"embeddable":true,"href":"http:\/\/test.s385-fair4host.http-s.de\/index.php\/wp-json\/wp\/v2\/comments?post=20006108"}],"wp:featuredmedia":[{"embeddable":true,"href":"http:\/\/test.s385-fair4host.http-s.de\/index.php\/wp-json\/wp\/v2\/media\/20006109"}],"wp:attachment":[{"href":"http:\/\/test.s385-fair4host.http-s.de\/index.php\/wp-json\/wp\/v2\/media?parent=20006108"}],"curies":[{"name":"wp","href":"https:\/\/api.w.org\/{rel}","templated":true}]}}