{"id":20006098,"date":"2021-01-07T20:37:04","date_gmt":"2021-01-07T19:37:04","guid":{"rendered":"http:\/\/test.s385-fair4host.http-s.de\/index.php\/produkt\/v7-cat5e-stp-netzwerkkabel-rj45-m-m-blau-m-5m-16-4ft\/"},"modified":"2021-01-07T20:37:04","modified_gmt":"2021-01-07T19:37:04","slug":"v7-cat5e-stp-netzwerkkabel-rj45-m-m-blau-m-5m-16-4ft","status":"publish","type":"product","link":"http:\/\/test.s385-fair4host.http-s.de\/index.php\/produkt\/v7-cat5e-stp-netzwerkkabel-rj45-m-m-blau-m-5m-16-4ft\/","title":{"rendered":"V7 CAT5e STP Netzwerkkabel (RJ45 m\/m) &#8211; Blau m 5m 16.4ft"},"content":{"rendered":"<p>V7 bietet eine gro\u00dfe Auswahl an qualitativ hochwertigen Netzwerk- und Patchkabeln f\u00fcr beste Verbindungen bei einfacherer Installation. Diese werkseitig gepr\u00fcften Kabel werden mithilfe neuester Technologien hergestellt, um ein H\u00f6chstma\u00df an Leistungsf\u00e4higkeit und Zuverl\u00e4ssigkeit zu garantieren.<br \/>+ 2x RJ45 Stecker <br \/>+ Snagless molded boots<br \/>+ Geeignet f\u00fcr alle 10\/100\/1000 Mbps Netzwerke<br \/>+ F\u00fcr Kabel Modems, Router, Hubs, Patch Panels und weiteres Netzwerkzubeh\u00f6r<\/p>\n","protected":false},"excerpt":{"rendered":"<p>CAT5e STP Netzwerkkabel (RJ45 m\/m) &#8211; Blau m 5m 16.4ft<\/p>\n","protected":false},"featured_media":20006099,"comment_status":"open","ping_status":"closed","template":"","meta":{"spay_email":""},"_links":{"self":[{"href":"http:\/\/test.s385-fair4host.http-s.de\/index.php\/wp-json\/wp\/v2\/product\/20006098"}],"collection":[{"href":"http:\/\/test.s385-fair4host.http-s.de\/index.php\/wp-json\/wp\/v2\/product"}],"about":[{"href":"http:\/\/test.s385-fair4host.http-s.de\/index.php\/wp-json\/wp\/v2\/types\/product"}],"replies":[{"embeddable":true,"href":"http:\/\/test.s385-fair4host.http-s.de\/index.php\/wp-json\/wp\/v2\/comments?post=20006098"}],"wp:featuredmedia":[{"embeddable":true,"href":"http:\/\/test.s385-fair4host.http-s.de\/index.php\/wp-json\/wp\/v2\/media\/20006099"}],"wp:attachment":[{"href":"http:\/\/test.s385-fair4host.http-s.de\/index.php\/wp-json\/wp\/v2\/media?parent=20006098"}],"curies":[{"name":"wp","href":"https:\/\/api.w.org\/{rel}","templated":true}]}}