{"id":20006086,"date":"2021-01-07T20:36:56","date_gmt":"2021-01-07T19:36:56","guid":{"rendered":"http:\/\/test.s385-fair4host.http-s.de\/index.php\/produkt\/v7-ersatzbatterie-fuer-ausgwaehlte-hewlett-packard-notebooks\/"},"modified":"2021-01-07T20:36:56","modified_gmt":"2021-01-07T19:36:56","slug":"v7-ersatzbatterie-fuer-ausgwaehlte-hewlett-packard-notebooks","status":"publish","type":"product","link":"http:\/\/test.s385-fair4host.http-s.de\/index.php\/produkt\/v7-ersatzbatterie-fuer-ausgwaehlte-hewlett-packard-notebooks\/","title":{"rendered":"V7 Ersatzbatterie f\u00fcr ausgw\u00e4hlte Hewlett-Packard Notebooks"},"content":{"rendered":"<p>Die qualitativ hochwertigen Ersatzbatterien f\u00fcr Notebooks zeichnen sich durch die Verwendung qualitativ hochwertigster Komponenten aus und gew\u00e4hrleisten dadurch maximale Sicherheit, Verl\u00e4sslichkeit und Effizienz. Das breit gef\u00e4cherte Angebot von V7 ist mit den Spitzenprodukten s\u00e4mtlicher bekannter Hersteller kompatibel und \u00fcbertrifft teilweise sogar die Vorgaben der Hersteller hinsichtlich lang anhaltender Qualit\u00e4t und Vermeidung von Memory-Effekt.<\/p>\n<p>+ Auswahl &#8211; Gro\u00dfe Auswahl an Notebook Batterien fast aller Hersteller wie Acer, Apple, Asus, Compaq, Dell, Gateway, HP, IBM, Lenovo, Panasonic, Samsung, Sony, Toshiba und vielen mehr<br \/>+ Preis &#8211; Optimales Preis-Leistungs-Verh\u00e4ltnis<br \/>+ Zuverl\u00e4ssigkeit &#8211; Erf\u00fcllung\/\u00dcbertreffen der OEM Spezifikationen<br \/>+ Qualit\u00e4t &#8211; Verwendung hochwertigster Komponenten<br \/>+ Performance &#8211; L\u00e4ngere Lebensdauer ohne Memory Effekt<br \/>+ Garantie &#8211; 1 Jahr volle Herstellergarantie<\/p>\n<p>-Hochqualitative Komponenten passend f\u00fcr  HEWLETT-PACKARD Laptops<br \/>-Volt: 14.8V, Zellen: 8 Zellen , Technologie: Lithium-Ion, Kapazit\u00e4t 5200mAh<br \/>-Ersatz f\u00fcr Original-Batterie mit der Teile-Nummer 464059-141, 480385-001, 497705-001, HSTNN-IB75, KS525AA<br \/>-Kompatibel mit HEWLETT-PACKARD HP Pavilion DV7, HEWLETT-PACKARD HP Pavillion DV7t, HEWLETT-PACKARD HP Pavillion DV7z, HEWLETT-PACKARD HP Pavilion HDX X18, HEWLETT-PACKARD HP Pavilion HDX18 series<\/p>\n","protected":false},"excerpt":{"rendered":"<p>Ersatzbatterie f\u00fcr ausgw\u00e4hlte Hewlett-Packard Notebooks<\/p>\n","protected":false},"featured_media":20006087,"comment_status":"open","ping_status":"closed","template":"","meta":{"spay_email":""},"_links":{"self":[{"href":"http:\/\/test.s385-fair4host.http-s.de\/index.php\/wp-json\/wp\/v2\/product\/20006086"}],"collection":[{"href":"http:\/\/test.s385-fair4host.http-s.de\/index.php\/wp-json\/wp\/v2\/product"}],"about":[{"href":"http:\/\/test.s385-fair4host.http-s.de\/index.php\/wp-json\/wp\/v2\/types\/product"}],"replies":[{"embeddable":true,"href":"http:\/\/test.s385-fair4host.http-s.de\/index.php\/wp-json\/wp\/v2\/comments?post=20006086"}],"wp:featuredmedia":[{"embeddable":true,"href":"http:\/\/test.s385-fair4host.http-s.de\/index.php\/wp-json\/wp\/v2\/media\/20006087"}],"wp:attachment":[{"href":"http:\/\/test.s385-fair4host.http-s.de\/index.php\/wp-json\/wp\/v2\/media?parent=20006086"}],"curies":[{"name":"wp","href":"https:\/\/api.w.org\/{rel}","templated":true}]}}