{"id":20006084,"date":"2021-01-07T20:36:55","date_gmt":"2021-01-07T19:36:55","guid":{"rendered":"http:\/\/test.s385-fair4host.http-s.de\/index.php\/produkt\/v7-standard-maus-usb\/"},"modified":"2021-01-07T20:36:55","modified_gmt":"2021-01-07T19:36:55","slug":"v7-standard-maus-usb","status":"publish","type":"product","link":"http:\/\/test.s385-fair4host.http-s.de\/index.php\/produkt\/v7-standard-maus-usb\/","title":{"rendered":"V7 Standard Maus USB"},"content":{"rendered":"<p>Mit dieser optischen 3-Tasten-Maus mit 1000 dpi Aufl\u00f6sung und dem eingebautem Scroll-Rad wird der Cursor leicht und fl\u00fcssig durch Dokumente und Internet bewegt. Die Kunststoff-Oberfl\u00e4che erm\u00f6glicht minimale Mausbewegungen und h\u00f6chste Pr\u00e4zision. <br \/>Sie ist sowohl mit USB oder alternativ PS\/2 Schnittstelle erh\u00e4ltlich.<\/p>\n","protected":false},"excerpt":{"rendered":"<p>Standard Maus USB<\/p>\n","protected":false},"featured_media":20006085,"comment_status":"open","ping_status":"closed","template":"","meta":{"spay_email":""},"_links":{"self":[{"href":"http:\/\/test.s385-fair4host.http-s.de\/index.php\/wp-json\/wp\/v2\/product\/20006084"}],"collection":[{"href":"http:\/\/test.s385-fair4host.http-s.de\/index.php\/wp-json\/wp\/v2\/product"}],"about":[{"href":"http:\/\/test.s385-fair4host.http-s.de\/index.php\/wp-json\/wp\/v2\/types\/product"}],"replies":[{"embeddable":true,"href":"http:\/\/test.s385-fair4host.http-s.de\/index.php\/wp-json\/wp\/v2\/comments?post=20006084"}],"wp:featuredmedia":[{"embeddable":true,"href":"http:\/\/test.s385-fair4host.http-s.de\/index.php\/wp-json\/wp\/v2\/media\/20006085"}],"wp:attachment":[{"href":"http:\/\/test.s385-fair4host.http-s.de\/index.php\/wp-json\/wp\/v2\/media?parent=20006084"}],"curies":[{"name":"wp","href":"https:\/\/api.w.org\/{rel}","templated":true}]}}