{"id":20006082,"date":"2021-01-07T20:36:54","date_gmt":"2021-01-07T19:36:54","guid":{"rendered":"http:\/\/test.s385-fair4host.http-s.de\/index.php\/produkt\/cherry-g83-6105-tastatur-usb-qwertz-deutsch-schwarz\/"},"modified":"2021-01-07T20:36:54","modified_gmt":"2021-01-07T19:36:54","slug":"cherry-g83-6105-tastatur-usb-qwertz-deutsch-schwarz","status":"publish","type":"product","link":"http:\/\/test.s385-fair4host.http-s.de\/index.php\/produkt\/cherry-g83-6105-tastatur-usb-qwertz-deutsch-schwarz\/","title":{"rendered":"CHERRY G83-6105 Tastatur USB QWERTZ Deutsch Schwarz"},"content":{"rendered":"<p>&#8211; Kompakte, kabelgebundene Standard-Tastatur<br \/>&#8211; Leicht zu reinigende Tasten mit abriebfester Beschriftung<br \/>&#8211; NTK-Technologie f\u00fcr angenehm weiche Tasten-Bet\u00e4tigung<br \/>&#8211; Einheitliche Schaltcharakteristik (Elastomer-Tasten mit Membran-Kontaktschalter)<br \/>&#8211; 20 Millionen Bet\u00e4tigungen je Einzeltaste<br \/>&#8211; Recyclingf\u00e4hig<br \/>&#8211; USB- oder PS\/2-Anschluss<\/p>\n<p>CHERRY G83-6000 ist die zuverl\u00e4ssige, millionenfach bew\u00e4hrte Standard-Tastatur mit weicher astenbet\u00e4tigung und voller Recyclingf\u00e4higkeit.<\/p>\n","protected":false},"excerpt":{"rendered":"<p>DE, 105 keys, USB, 1.75 m, 662 g<\/p>\n","protected":false},"featured_media":20006083,"comment_status":"open","ping_status":"closed","template":"","meta":{"spay_email":""},"_links":{"self":[{"href":"http:\/\/test.s385-fair4host.http-s.de\/index.php\/wp-json\/wp\/v2\/product\/20006082"}],"collection":[{"href":"http:\/\/test.s385-fair4host.http-s.de\/index.php\/wp-json\/wp\/v2\/product"}],"about":[{"href":"http:\/\/test.s385-fair4host.http-s.de\/index.php\/wp-json\/wp\/v2\/types\/product"}],"replies":[{"embeddable":true,"href":"http:\/\/test.s385-fair4host.http-s.de\/index.php\/wp-json\/wp\/v2\/comments?post=20006082"}],"wp:featuredmedia":[{"embeddable":true,"href":"http:\/\/test.s385-fair4host.http-s.de\/index.php\/wp-json\/wp\/v2\/media\/20006083"}],"wp:attachment":[{"href":"http:\/\/test.s385-fair4host.http-s.de\/index.php\/wp-json\/wp\/v2\/media?parent=20006082"}],"curies":[{"name":"wp","href":"https:\/\/api.w.org\/{rel}","templated":true}]}}