{"id":20006080,"date":"2021-01-07T20:36:52","date_gmt":"2021-01-07T19:36:52","guid":{"rendered":"http:\/\/test.s385-fair4host.http-s.de\/index.php\/produkt\/cherry-wetex-tastaturabdeckung\/"},"modified":"2021-01-07T20:36:52","modified_gmt":"2021-01-07T19:36:52","slug":"cherry-wetex-tastaturabdeckung","status":"publish","type":"product","link":"http:\/\/test.s385-fair4host.http-s.de\/index.php\/produkt\/cherry-wetex-tastaturabdeckung\/","title":{"rendered":"CHERRY WetEx Tastaturabdeckung"},"content":{"rendered":"<p>Wenn es mal etwas rauher zugeht. WetEx\u00ae sch\u00fctzt die Tastatur vor Verschmutzung durch Fl\u00fcssigkeiten, Staub und Fremdk\u00f6rpern ohne den Schreibkomfort wesentlich zu beeintr\u00e4chtigen.<\/p>\n<p>&#8211; Bedingt best\u00e4ndig gegen Motor\u00f6l<br \/>&#8211; Best\u00e4ndig gegen Sp\u00fclmittel<br \/>&#8211; Best\u00e4ndig gegen Isopropylalkohol<br \/>&#8211; WetEx\u00ae verf\u00fcgt \u00fcber eine Mindestlebensdauer von 10 Mio. Tastendr\u00fccken unter Normalbedingungen.<br \/>&#8211; Bei der Entsorgung entsteht kein polybromiertes Dibenzodioxin oder Dibenzofuran.<br \/>&#8211; Bedingt best\u00e4ndig gegen Benzin.<\/p>\n","protected":false},"excerpt":{"rendered":"<p>Flexible Tastatur-Schutzfolie<\/p>\n","protected":false},"featured_media":20006081,"comment_status":"open","ping_status":"closed","template":"","meta":{"spay_email":""},"_links":{"self":[{"href":"http:\/\/test.s385-fair4host.http-s.de\/index.php\/wp-json\/wp\/v2\/product\/20006080"}],"collection":[{"href":"http:\/\/test.s385-fair4host.http-s.de\/index.php\/wp-json\/wp\/v2\/product"}],"about":[{"href":"http:\/\/test.s385-fair4host.http-s.de\/index.php\/wp-json\/wp\/v2\/types\/product"}],"replies":[{"embeddable":true,"href":"http:\/\/test.s385-fair4host.http-s.de\/index.php\/wp-json\/wp\/v2\/comments?post=20006080"}],"wp:featuredmedia":[{"embeddable":true,"href":"http:\/\/test.s385-fair4host.http-s.de\/index.php\/wp-json\/wp\/v2\/media\/20006081"}],"wp:attachment":[{"href":"http:\/\/test.s385-fair4host.http-s.de\/index.php\/wp-json\/wp\/v2\/media?parent=20006080"}],"curies":[{"name":"wp","href":"https:\/\/api.w.org\/{rel}","templated":true}]}}