{"id":20006078,"date":"2021-01-07T20:36:49","date_gmt":"2021-01-07T19:36:49","guid":{"rendered":"http:\/\/test.s385-fair4host.http-s.de\/index.php\/produkt\/plustek-smartoffice-pl1530-flachbett-adf-scanner-600-x-600-dpi-a4-schwarz-weiss\/"},"modified":"2021-01-07T20:36:49","modified_gmt":"2021-01-07T19:36:49","slug":"plustek-smartoffice-pl1530-flachbett-adf-scanner-600-x-600-dpi-a4-schwarz-weiss","status":"publish","type":"product","link":"http:\/\/test.s385-fair4host.http-s.de\/index.php\/produkt\/plustek-smartoffice-pl1530-flachbett-adf-scanner-600-x-600-dpi-a4-schwarz-weiss\/","title":{"rendered":"Plustek SmartOffice PL1530 Flachbett- &#038; ADF-Scanner 600 x 600 DPI A4 Schwarz, Wei\u00df"},"content":{"rendered":"<p><b>A4 Duplex-Farbscanner, ADF-Flachbett-Kombination mit Auto-Detect und 2 USB-Anschl\u00fcssen<\/b><br \/>Der Smartoffice PL1530 steht f\u00fcr effizientes und komfortables Scannen in kleinen Arbeitsgruppen. Benachbarte Arbeitsbereiche k\u00f6nnen den einen Scanner gleichzeitig nutzen und Dokumente digitalisieren. Die zwei USB-Anschl\u00fcsse des Scanners erm\u00f6glichen den Betrieb von zwei unterschiedlichen PC gleichzeitig.<\/p>\n<p>Der SmartOffice PL1530 Scanner ist au\u00dferdem einfach zu bedienen. Drei vorkonfigurierte Funktionstasten erm\u00f6glichen per einfachem Knopfdruck Scanprozesse in g\u00e4ngige Formate und Anwendungen wie PDF, Durchsuchbare PDF, E-Mail und OCR-Programm. Die Tasten \u2013 PC1 und PC2 \u2013 vereinfachen den Wechsel zwischen beiden Arbeitspl\u00e4tzen. Deshalb ist dieser Scanner sehr praktisch f\u00fcr die dezentrale Erfassung von Bilddokumenten und allen Anwendungen, die hochwertige Scans und zuverl\u00e4ssigen Dokumenteneinzug erfordern.<\/p>\n<p>&#8211; A4 Duplex-Farbscanner<br \/>&#8211; ADF-Flachbett-Kombination mit Auto-Detect<br \/>&#8211; Scangeschwindigkeit 15 ppm \/ 30 ipm<br \/>&#8211; ADF-Vorlagenkapazit\u00e4t bis zu 50 Blatt<br \/>&#8211; 2 USB-Anschl\u00fcsse f\u00fcr 2 verschiedenen PC<br \/>&#8211; One-Touch Funktionstasten<\/p>\n","protected":false},"excerpt":{"rendered":"<p>600 dpi, 2 x CIS, 50 &#8211; 120 g\/\u33a1, USB 2.0, 3.78 kg<\/p>\n","protected":false},"featured_media":20006079,"comment_status":"open","ping_status":"closed","template":"","meta":{"spay_email":""},"_links":{"self":[{"href":"http:\/\/test.s385-fair4host.http-s.de\/index.php\/wp-json\/wp\/v2\/product\/20006078"}],"collection":[{"href":"http:\/\/test.s385-fair4host.http-s.de\/index.php\/wp-json\/wp\/v2\/product"}],"about":[{"href":"http:\/\/test.s385-fair4host.http-s.de\/index.php\/wp-json\/wp\/v2\/types\/product"}],"replies":[{"embeddable":true,"href":"http:\/\/test.s385-fair4host.http-s.de\/index.php\/wp-json\/wp\/v2\/comments?post=20006078"}],"wp:featuredmedia":[{"embeddable":true,"href":"http:\/\/test.s385-fair4host.http-s.de\/index.php\/wp-json\/wp\/v2\/media\/20006079"}],"wp:attachment":[{"href":"http:\/\/test.s385-fair4host.http-s.de\/index.php\/wp-json\/wp\/v2\/media?parent=20006078"}],"curies":[{"name":"wp","href":"https:\/\/api.w.org\/{rel}","templated":true}]}}