{"id":20006076,"date":"2021-01-07T20:36:48","date_gmt":"2021-01-07T19:36:48","guid":{"rendered":"http:\/\/test.s385-fair4host.http-s.de\/index.php\/produkt\/gigabyte-gm-m6800-maus-usb-typ-a-optisch-800-dpi\/"},"modified":"2021-01-07T20:36:48","modified_gmt":"2021-01-07T19:36:48","slug":"gigabyte-gm-m6800-maus-usb-typ-a-optisch-800-dpi","status":"publish","type":"product","link":"http:\/\/test.s385-fair4host.http-s.de\/index.php\/produkt\/gigabyte-gm-m6800-maus-usb-typ-a-optisch-800-dpi\/","title":{"rendered":"Gigabyte GM-M6800 Maus USB Typ-A Optisch 800 DPI"},"content":{"rendered":"<p><b>Doppellinse-Erfassungstechnologie<\/b><br \/>Die Doppellinse-Erfassungstechnologie gew\u00e4hrleistet optimale Bewegungserkennung und sorgt f\u00fcr absolute Pr\u00e4zision. Durch ihre hochaufgel\u00f6ste Erfassung funktioniert die M6800 auf jeder Unterlage.<\/p>\n<p><b>Zweistufige DPI-Anpassung<\/b><br \/>Zweistufiger DPI-Umschalter (800\/1600 DPI) zur schnellen und direkten DPI-Anpassung.<\/p>\n<p><b>Rutschfeste, optimal geformte Gummigrifffl\u00e4chen f\u00fcr aufregendes oder entspanntes Gaming<\/b><br \/>Die rutschfesten, ergonomisch gestalteten Gummigrifffl\u00e4chen beugen \u00dcberlastungen des Handgelenks vor und sorgen auch bei l\u00e4ngerem Einsatz f\u00fcr maximalen Komfort.<\/p>\n<p><b>Vorw\u00e4rts- und R\u00fcckw\u00e4rtstasten<\/b><br \/>Genie\u00dfen Sie schnelles, bequemes Durchbl\u00e4ttern Ihrer Internet-Lieblingsseiten oder Dokumente \u2013 mit den griffg\u00fcnstigen Vorw\u00e4rts- und R\u00fcckw\u00e4rtstasten unter Ihrem Daumen.<\/p>\n<p><b>Reinrassige Gaming-Gleitauflagen<\/b><br \/>Ultragleitf\u00e4hige Teflon-Gaming-Gleitauflagen sorgen f\u00fcr bessere Pr\u00e4zision und ungehinderte Bewegung.<\/p>\n","protected":false},"excerpt":{"rendered":"<p>GM-M6800, Dual-Objektiv-Gaming-Maus, USB<\/p>\n","protected":false},"featured_media":20006077,"comment_status":"open","ping_status":"closed","template":"","meta":{"spay_email":""},"_links":{"self":[{"href":"http:\/\/test.s385-fair4host.http-s.de\/index.php\/wp-json\/wp\/v2\/product\/20006076"}],"collection":[{"href":"http:\/\/test.s385-fair4host.http-s.de\/index.php\/wp-json\/wp\/v2\/product"}],"about":[{"href":"http:\/\/test.s385-fair4host.http-s.de\/index.php\/wp-json\/wp\/v2\/types\/product"}],"replies":[{"embeddable":true,"href":"http:\/\/test.s385-fair4host.http-s.de\/index.php\/wp-json\/wp\/v2\/comments?post=20006076"}],"wp:featuredmedia":[{"embeddable":true,"href":"http:\/\/test.s385-fair4host.http-s.de\/index.php\/wp-json\/wp\/v2\/media\/20006077"}],"wp:attachment":[{"href":"http:\/\/test.s385-fair4host.http-s.de\/index.php\/wp-json\/wp\/v2\/media?parent=20006076"}],"curies":[{"name":"wp","href":"https:\/\/api.w.org\/{rel}","templated":true}]}}