{"id":20006068,"date":"2021-01-07T20:36:42","date_gmt":"2021-01-07T19:36:42","guid":{"rendered":"http:\/\/test.s385-fair4host.http-s.de\/index.php\/produkt\/asus-pce-ac68-eingebaut-wlan-1300-mbit-s\/"},"modified":"2021-01-07T20:36:42","modified_gmt":"2021-01-07T19:36:42","slug":"asus-pce-ac68-eingebaut-wlan-1300-mbit-s","status":"publish","type":"product","link":"http:\/\/test.s385-fair4host.http-s.de\/index.php\/produkt\/asus-pce-ac68-eingebaut-wlan-1300-mbit-s\/","title":{"rendered":"ASUS PCE-AC68 Eingebaut WLAN 1300 Mbit\/s"},"content":{"rendered":"<p>&#8211; Der 802.11ac-Chipsatz der f\u00fcnften Generation erm\u00f6glicht die Dualband-\u00dcbertragung mit 2,4GHz und 5GHz sowie extrem schnelle Verbindungsraten von bis zu 1,3Gb\/s<br \/>&#8211; Die flexible, externe Antennenl\u00f6sung kann optimal auf den bestm\u00f6glichen Empfang ausgerichtet werden<br \/>&#8211; Schnelles Wi-Fi-Upgrade f\u00fcr den Desktop-PC: St\u00f6rende Ethernet-Kabel geh\u00f6ren der Vergangenheit an<br \/>&#8211; Hochleistungsdesign mit einer um bis zu 150% gr\u00f6\u00dferen Abdeckung macht Schluss mit Funkl\u00f6chern<br \/>&#8211; Spezieller K\u00fchlk\u00f6rper leitet die Hitze effektiv ab und erm\u00f6glicht einen stabileren und zuverl\u00e4ssigeren Betrieb rund um die Uhr<\/p>\n<p>Der ASUS PCE-AC68 ist ein neuer 802.11ac Wi-Fi PCI Express-Adapter der Desktop-PCs mit dem f\u00fchrenden 802.11ac-Standard mit bis zu 1,3Gb\/s ausstattet und somit l\u00e4stige Kabelverbindungen unn\u00f6tig macht. Die externe Antennenl\u00f6sung l\u00e4sst sich mit ihrer magnetischen Unterseite flexibel installieren und auf den bestm\u00f6glichen Empfang ausrichten.<\/p>\n<p><b>Der schnellste Wi-Fi-Standard: 802.11ac<\/b><\/p>\n<p>Der PCE-AC68 nutzt den neuen Broadcom Wi-Fi 802.11ac-Chipsatz der f\u00fcnften Generation, der Geschwindigkeiten von bis zu 1,3Gb\/s \u00fcber das 5GHz-Band erreicht und ist somit um bis zu dreimal schneller als der 802.11n Wi-Fi-Standard. Der Adapter ist zudem vollst\u00e4ndig abw\u00e4rtskompatibel zu allen vorherigen Wi-Fi-Standards und bietet somit in beide Richtungen eine extrem schnelle und fl\u00fcssige Daten\u00fcbertragung &#8211; sowohl zu Ger\u00e4ten, die den 802.11ac-Standard unterst\u00fctzen als auch zu bereits vorhandenen Ger\u00e4ten mit den vorherigen Standards \u2013 und all das nahtlos.<\/p>\n<p><b>Wi-Fi-Standard der n\u00e4chsten Generation f\u00fcr beide Frequenzbereiche<\/b><\/p>\n<p>Die in den ASUS PCE-AC68 integrierte Broadcom TurboQAM\u2122-Hardware, bietet den extrem schnellen 802.11ac Wi-Fi-Standard der n\u00e4chsten Generation f\u00fcr beide Frequenzbereiche, d.h. 2,4GHz und 5GHz. Der ASUS PCE-AC68 ist mit Geschwindigkeiten von jeweils 600Mbit\/s und 1,3Gbit\/s einer der schnellsten AC1900 WLAN-Adapter und erheblich schneller als herk\u00f6mmliche WLAN-Adapter. Einfach den PCE-AC68 an das ASUS-Netzwerk anschlie\u00dfen und schon k\u00f6nnen die derzeit schnellsten Wi-Fi-Geschwindigkeiten erreicht werden.<\/p>\n<p><b>WLAN-Verbindungen erweitern und verst\u00e4rken<\/b><\/p>\n<p>ASUS AiRadar verst\u00e4rkt dank pr\u00e4ziser, direktionaler Signalverst\u00e4rkung intelligent die Funkverbindung zu drahtlos verbundenen Systemen und bietet somit eine gr\u00f6\u00dfere Abdeckung, schnellere Daten\u00fcbertragungsraten sowie eine optimale Stabilit\u00e4t. Die Signalst\u00e4rke der WLAN-Verbindung ist je nach Umgebung unterschiedlich. Deshalb erkennt der ASUS PCE-AC68 die Standorte von WLAN-Routern und passt die Daten\u00fcbertragungen mithilfe von drei externen Antennen sowie einer Hochleistungs-\u00dcbertragung dementsprechend an. Das Ergebnis sind extrem schnelle und stabile Verbindungen.<\/p>\n<p><b>Schluss mit Funkl\u00f6chern dank 150% gr\u00f6\u00dferer Abdeckung<\/b><\/p>\n<p>Die leistungsstarke Zwei-Wege-\u00dcbertragung sowie die Signalverst\u00e4rkung sorgen f\u00fcr eine um bis zu 150% gr\u00f6\u00dfere Wi-Fi-Abdeckung als herk\u00f6mmliche Wi-Fi-Client-Ger\u00e4te. Durch die gr\u00f6\u00dfere Signalabdeckung werden Funkl\u00f6cher in jedem Raum eliminiert, so dass der Nutzer \u00fcberall schnelles HD-Streaming ganz ohne Unterbrechungen und fl\u00fcssiges Multiplayer-Gaming erleben kann.<\/p>\n<p><b>Flexible, externe Antennenl\u00f6sung<\/b><\/p>\n<p>Die externe Antennenl\u00f6sung mit drei abnehmbaren Antennen wird \u00fcber ein mitgeliefertes Kabel mit dem ASUS PCE-AC68-Adapter verbunden. Durch ihre magnetische Unterseite kann sie auf vielen Oberfl\u00e4chen flexibel angebracht werden. Dank des mobilen Antennenkonzepts k\u00f6nnen die Antennen an jedem Ort auf den besten Signalempfang und die beste Empfangsqualit\u00e4t ausgerichtet werden.<\/p>\n<p><b>Stylisher Aluminium-K\u00fchlk\u00f6rper senkt die Temperaturen f\u00fcr zus\u00e4tzliche Stabilit\u00e4t<\/b><\/p>\n<p>Der K\u00fchlk\u00f6rper des ASUS PCE-AC68-Adapters besteht aus extrem leitf\u00e4higem Aluminium und h\u00e4lt somit die Hitze vom Chipsatz fern. Auf diese Weise funktioniert der Adapter auch bei Non-Stop-Betrieb extrem zuverl\u00e4ssig. Niedrigere Temperaturen f\u00fchren automatisch zu einem stabileren Betrieb, selbst bei extrem hohen Au\u00dfentemperaturen. Diese Stabilit\u00e4t zeigt sich wiederum in stabilen Verbindungen und einer l\u00e4ngeren Lebensdauer. Der stylishe Look des K\u00fchlk\u00f6rpers zeigt zudem, dass ASUS bei seinen Produkten nicht nur Wert auf Technik, sondern auch auf Design legt.<\/p>\n","protected":false},"excerpt":{"rendered":"<p>802.11ac Dualband Wireless-AC1900 PCI-E-Adapter<\/p>\n","protected":false},"featured_media":20006069,"comment_status":"open","ping_status":"closed","template":"","meta":{"spay_email":""},"_links":{"self":[{"href":"http:\/\/test.s385-fair4host.http-s.de\/index.php\/wp-json\/wp\/v2\/product\/20006068"}],"collection":[{"href":"http:\/\/test.s385-fair4host.http-s.de\/index.php\/wp-json\/wp\/v2\/product"}],"about":[{"href":"http:\/\/test.s385-fair4host.http-s.de\/index.php\/wp-json\/wp\/v2\/types\/product"}],"replies":[{"embeddable":true,"href":"http:\/\/test.s385-fair4host.http-s.de\/index.php\/wp-json\/wp\/v2\/comments?post=20006068"}],"wp:featuredmedia":[{"embeddable":true,"href":"http:\/\/test.s385-fair4host.http-s.de\/index.php\/wp-json\/wp\/v2\/media\/20006069"}],"wp:attachment":[{"href":"http:\/\/test.s385-fair4host.http-s.de\/index.php\/wp-json\/wp\/v2\/media?parent=20006068"}],"curies":[{"name":"wp","href":"https:\/\/api.w.org\/{rel}","templated":true}]}}