{"id":20006066,"date":"2021-01-07T20:36:41","date_gmt":"2021-01-07T19:36:41","guid":{"rendered":"http:\/\/test.s385-fair4host.http-s.de\/index.php\/produkt\/asus-rt-ac68u-wlan-router-gigabit-ethernet-dual-band-24-ghz-5-ghz-schwarz\/"},"modified":"2021-01-07T20:36:41","modified_gmt":"2021-01-07T19:36:41","slug":"asus-rt-ac68u-wlan-router-gigabit-ethernet-dual-band-24-ghz-5-ghz-schwarz","status":"publish","type":"product","link":"http:\/\/test.s385-fair4host.http-s.de\/index.php\/produkt\/asus-rt-ac68u-wlan-router-gigabit-ethernet-dual-band-24-ghz-5-ghz-schwarz\/","title":{"rendered":"ASUS RT-AC68U WLAN-Router Gigabit Ethernet Dual-Band (2,4 GHz\/5 GHz) Schwarz"},"content":{"rendered":"<p><b>Der schnellste Router &#8211; F\u00fcr alle, die ihrer Zeit immer einen Schritt voraus sind<\/b><br \/>Der ASUS RT-AC68U ist der weltweit schnellste Wi-Fi-Router mit kombinierten Dualband-Daten\u00fcbertragungsraten von insgesamt 1.900 Mb\/s. Der 802.11ac-Standard mit 1.300 Mb\/s bei 5 GHz erm\u00f6glicht Gigabit-WLAN-\u00dcbertragungsraten, w\u00e4hrend die Broadcom\u00ae TurboQAM\u2122-Technologie die 2,4 GHz 802.11n-Performance bei kompatiblen Ger\u00e4ten von 450Mb\/s auf 600Mb\/s steigert. <\/p>\n<p>Dank seines leistungsf\u00e4higen Dual-Core-Prozessors vermeidet der ASUS RT-AC68U Leistungseinbr\u00fcche, mit denen andere Router bei voll ausgelasteten Netzwerken zu k\u00e4mpfen haben. Somit gew\u00e4hrleistet der Router selbst bei voll ausgelasteten Heimnetzwerken fl\u00fcssiges HD Video-Streaming, geringe Latenzen bei Online-Gaming und VoIP-Telefonaten sowie unterbrechungsfreie Dateidownloads. <\/p>\n<p><b>Der ASUS RT-AC68U verf\u00fcgt au\u00dferdem \u00fcber zwei USB-Schnittstellen f\u00fcr die gemeinsame <\/b>Nutzung von Dateien, Druckern und 3G\/4G-Modems. Eine davon unterst\u00fctzt den USB 3.0-Standard f\u00fcr eine um bis zu zehnmal schnellere Daten\u00fcbertragung als mit USB 2.0.<br \/>Der exklusive ASUS AiCloud-Service verwandelt das Heimnetzwerk in eine private Cloud, die sowohl das Streamen sowie das Bereitstellen von Dateien f\u00fcr Smartphones, PCs und Tablet-PCs erm\u00f6glicht. Die Synchronisation von Router zu Router vereinfacht zudem das Synchronisieren von Dateien auf USB-Speicherger\u00e4ten mit anderen kompatiblen ASUS-Routern. Auf diese Weise k\u00f6nnen selbst gro\u00dfe Dateien problemlos mit Freunden und Familie geteilt werden. <\/p>\n<p>Die grafische ASUSWRT-Benutzeroberfl\u00e4che des ASUS RT-AC68U ist besonders einfach und intuitiv zu bedienen. Mit ihr l\u00e4sst sich das Leistungspotenzial des RT-AC68U vollst\u00e4ndig aussch\u00f6pfen sowie das gesamte Netzwerk verwalten und optimieren. Dank der schnellen Einrichtung in nur 30 Sekunden und der einfachen Verwaltung des Datenverkehrs k\u00f6nnen selbst Netzwerk-Einsteiger alle Features optimal nutzen. Fortgeschrittene Nutzer k\u00f6nnen sich zudem \u00fcber die IPv6-Unterst\u00fctzung, mehrere drahtlose SSIDs und einen sicheren VPN-Zugang freuen.<\/p>\n<p><b>Das weltweit schnellste AC-Wi-Fi mit TurboQAM\u2122 Wi-Fi-Beschleunigung<\/b><br \/>Der ASUS RT-AC68U unterst\u00fctzt den Wi-Fi-Standard der f\u00fcnften Generation (5G Wi-Fi). Dank des aktuellen 802.11ac-Chipsatzes bietet er superschnelle, Gigabit-WLAN-\u00dcbertragungsgeschwindigkeiten. Au\u00dferdem nutzt der ASUS RT-AC68U die TurboQAM\u2122-Technologie, um den 802.11n Wi-Fi-Standard noch zu steigern und erreicht somit unvergleichlich hohe Geschwindigkeiten. Im 2,4 GHz-Frequenzbereich ist er mit 600 Mb\/s bis zu 33% schneller als ein Standard 802.11n-Router. Im 5 GHz-Bereich erreicht er bis zu 1.300 Mb\/s bzw. das Dreifache der 802.11n-\u00dcbertragungsraten. Das Ergebnis ist eine WLAN-Leistung mit einer Gesamtgeschwindigkeit von 1.900Mb\/s! <\/p>\n<p><b>Mehr Aufgaben gleichzeitig &#8211; dank integriertem Dual-Core-Prozessor<\/b><br \/>Dank seines leistungsf\u00e4higen Dual-Core-Prozessors vermeidet der ASUS RT-AC68U Leistungseinbr\u00fcche, mit denen andere Router bei voll ausgelasteten Netzwerken zu k\u00e4mpfen haben. Somit bietet er selbst bei voll ausgelasteten Heimnetzwerken fl\u00fcssiges HD Video-Streaming, geringe Latenzen bei Online-Gaming und VoIP-Anrufen sowie unterbrechungsfreie Dateidownloads. <\/p>\n<p><b>Erweiterte Signal-Reichweite und Stabilit\u00e4t<\/b><br \/>ASUS AiRadar verst\u00e4rkt intelligent die WLAN-Verbindung mithilfe der Beamforming-Technologie, der Hochleistungsverst\u00e4rkung der Signale sowie dem exklusiven ASUS RF-Feintuning. Dadurch wird die Reichweite vergr\u00f6\u00dfert, die dynamischen Daten\u00fcbertragungsgeschwindigkeiten erh\u00f6ht und die Stabilit\u00e4t verbessert.<\/p>\n<p><b>Dualband-Verbindung f\u00fcr h\u00f6here Kompatibilit\u00e4t und Leistungsf\u00e4higkeit<\/b><br \/>Der ASUS RT-AC68U bietet gleichzeitig sowohl 2,4GHz- als auch 5GHz-Frequenzbereiche mit bis zu 600Mb\/s und 1.300Mb\/s, so dass der Router insgesamt eine stabile \u00dcbertragungsgeschwindigkeit von bis zu 1.900Mb\/s erreicht. Der 2,4GHz-Frequenzbereich ist optimal f\u00fcr t\u00e4gliche Aufgaben wie das Surfen im Internet und das Herunterladen von Dateien, w\u00e4hrend sich der 5GHz-Frequenzbereich ideal f\u00fcr das Streaming von Multimediainhalten in Full HD sowie andere Anwendungen mit hoher Bandbreite eignet.<\/p>\n<p><b>Ultimative USB-Geschwindigkeiten und Nutzungsm\u00f6glichkeiten<\/b><br \/>Mit dem HighSpeed USB 3.0-Standard lassen sich Daten bis zu zehnmal schneller \u00fcbertragen als per USB 2.0. Die beiden USB-Schnittstellen erm\u00f6glichen den gemeinsamen Zugriff auf Dateien, Multimedia-Inhalte und 3G\/4G-Verbindungen. ASUS AiDisk bietet dem Nutzer die M\u00f6glichkeit des Fernzugriffs sowie das schnelle Streaming von Inhalten. Im Gegensatz zu anderen Routern, deren USB-Schnittstellen dicht nebeneinander stehen, befindet sich zwischen den USB-Anschl\u00fcssen des ASUS RT-AC68U ausreichend Platz, um jederzeit optimal auf beide Anschl\u00fcsse zugreifen zu k\u00f6nnen.<\/p>\n<p><b>Volle Netzwerk-Kontrolle und Optimierung dank ASUSWRT<\/b><br \/>Mit der ASUSWRT Dashboard-Benutzeroberfl\u00e4che kann der Nutzer \u00fcber eine einzige intuitiv bedienbare Oberfl\u00e4che Netzwerkanwendungen einrichten, \u00fcberwachen und steuern. Die grafische Oberfl\u00e4che erm\u00f6glicht nicht nur die Verwaltung der Clients und Einstellungen, sondern bietet auch eine Updatem\u00f6glichkeit mit nur einem einzigen Klick. <\/p>\n<p>Egal, ob der Nutzer h\u00e4ufig Spiele spielt oder Videos streamt, mit dem Quality of Service (QoS) kann er fast jeder Anwendung die entsprechende Bandbreite zuweisen. Hinzu kommt, dass der Nutzer \u00fcber die Traffic-\u00dcberwachung die Internetnutzung mithilfe einer \u00fcbersichtlichen, grafischen Oberfl\u00e4che \u00fcberpr\u00fcfen kann. Hier testen.<\/p>\n<p><b>Schnelle und leichte Installation in nur 3 Schritten<\/b><br \/>Mithilfe des Smartphones, Tablets oder PCs kann der ASUS-Router schnell und einfach in weniger als 30 Sekunden* und mit nur drei einfachen Schritten1 eingerichtet werden. Einfach die Kabel mit dem Router verbinden, den Web-Browser \u00f6ffnen und den Anweisungen des Installationsassistenten folgen, um innerhalb k\u00fcrzester Zeit ins Internet zu gelangen. <\/p>\n<p><b>SUS AiCloud \u2013 Daten jederzeit und \u00fcberall synchronisieren, teilen und streamen<\/b><br \/>Mit ASUS AiCloud kann der Nutzer jederzeit und \u00fcberall auf seine Dateien zugreifen &#8211; einzige Voraussetzung ist eine Internetverbindung. AiCloud verbindet das Heimnetzwerk mit dem Online-Webspeicher-Service2, so dass der Nutzer entweder \u00fcber die mobile AiCloud-App auf dem iOS- oder Android-Smartphone oder \u00fcber eine personalisierte URL im Web-Browser darauf zugreifen kann. Durch die Verbindung von AiCloud mit einem anderen, kompatiblen Router kann die Cloud sogar noch erweitert werden. Auf diese Weise sind die Daten immer da, wo sich der Nutzer gerade befindet. <\/p>\n<p><b>Leistungsstarkes Online-Multitasking bei bis zu 300.000 Datensitzungen<\/b><br \/>Durch die Unterst\u00fctzung einer gro\u00dfen Daten-Pipeline mit bis zu 300.000 Daten-Sessions, hat der RT-AC68U fast 20-mal mehr Netzwerkkapazit\u00e4t als herk\u00f6mmliche Router. Auf diese Weise bietet er eine au\u00dfergew\u00f6hnlich stabile Leistung.<\/p>\n<p><b>Dateien von \u00fcberall herunterladen und streamen<\/b><br \/>Mit dem Download Master und dem erweiterten Media-Server k\u00f6nnen Multimedia-Dateien auf ein mit dem Router verbundenes USB-Speicherger\u00e4t heruntergeladen werden und mit einem kompatiblen Ger\u00e4t, wie bspw. einem PC, einem Tablet-PC, einer PS3, einer XBOX oder einem Internet-TV-Ger\u00e4t abgespielt werden. Der Download Master kann zudem selbst dann Dateien herunterladen, wenn der PC ausgeschaltet ist; der Nutzer kann den Download-Status dann remote verwalten und \u00fcberwachen.<\/p>\n<p><b>VPN-Server-Unterst\u00fctzung<\/b><br \/>Mit der Einrichtung des VPN-Servers kann der Nutzer im Internet surfen und Daten aufrufen &#8211; ganz egal wo er sich gerade befindet. Die MPPE-Verschl\u00fcsselung erm\u00f6glicht die sichere und zuverl\u00e4ssige \u00dcbertragung von Daten. <\/p>\n<p><b>Separate sowie sichere WLAN-Netzwerke dank Gastzugang<\/b><br \/>Der ASUS RT-AC68U unterst\u00fctzt bis zu drei WLAN-Netzwerke \u00fcber den 2,4GHz-Frequenzbereich sowie drei \u00fcber den 5GHz-Frequenzbereich. Durch die Einschr\u00e4nkung der Nutzungszeiten sowie der Zugriffsberechtigungen k\u00f6nnen PC-Systeme wirkungsvoll vor unerw\u00fcnschten Zugriffen, Hackern und Virusangriffen gesch\u00fctzt werden. Mit der Kindersicherung k\u00f6nnen Eltern au\u00dferdem den Zeitrahmen, in dem ihre Kinder Zugang zum Internet haben, festlegen.<br \/><b><br \/>Beleben Sie ihr Business mit Facebook-WLAN<\/b><br \/>Sie wollen Ihren Kunden oder Firmenbesuchern schnell und unkompliziert kostenloses WLAN anbieten? Mit dem passenden Asus-Router und Facebook-WLAN kein Problem! In wenigen Minuten richten Sie einen besonders komfortablen Gastzugang mit Mehrwert f\u00fcr Ihr Unternehmen oder Gesch\u00e4ft ein. <\/p>\n<p>Das soziale Netzwerk bietet in Zusammenarbeit mit Asus die M\u00f6glichkeit, schnell und einfach kostenloses WLAN f\u00fcr Kunden und Firmenbesucher anzubieten. Dazu m\u00fcssen die Besucher sich kein Kennwort merken. Stattdessen f\u00fchren sie einen Check-in \u00fcber Facebook durch und teilen ihren Freunden und Bekannten auf diese Weise mit, wo sie gerade sind. F\u00fcr Sie als Gesch\u00e4ftsbetreiber bedeutet dies: Kostenlose Werbung und zus\u00e4tzliche \u201eGef\u00e4llt mir\u201c-Angaben. Alles, was Sie dazu ben\u00f6tigen, ist ein kompatibler Router von Asus sowie eine Facebook-Seite f\u00fcr Ihr Unternehmen.<\/p>\n","protected":false},"excerpt":{"rendered":"<p>RT-AC68U &#8211; 4x RJ45 fur 10\/100\/1000\/Gigabits BaseT, 2x USB 2.0\/3.0, 802.11ac\/a\/b\/g\/n, AC1900, 600+1300Mbps<\/p>\n","protected":false},"featured_media":20006067,"comment_status":"open","ping_status":"closed","template":"","meta":{"spay_email":""},"_links":{"self":[{"href":"http:\/\/test.s385-fair4host.http-s.de\/index.php\/wp-json\/wp\/v2\/product\/20006066"}],"collection":[{"href":"http:\/\/test.s385-fair4host.http-s.de\/index.php\/wp-json\/wp\/v2\/product"}],"about":[{"href":"http:\/\/test.s385-fair4host.http-s.de\/index.php\/wp-json\/wp\/v2\/types\/product"}],"replies":[{"embeddable":true,"href":"http:\/\/test.s385-fair4host.http-s.de\/index.php\/wp-json\/wp\/v2\/comments?post=20006066"}],"wp:featuredmedia":[{"embeddable":true,"href":"http:\/\/test.s385-fair4host.http-s.de\/index.php\/wp-json\/wp\/v2\/media\/20006067"}],"wp:attachment":[{"href":"http:\/\/test.s385-fair4host.http-s.de\/index.php\/wp-json\/wp\/v2\/media?parent=20006066"}],"curies":[{"name":"wp","href":"https:\/\/api.w.org\/{rel}","templated":true}]}}