{"id":20006064,"date":"2021-01-07T20:36:39","date_gmt":"2021-01-07T19:36:39","guid":{"rendered":"http:\/\/test.s385-fair4host.http-s.de\/index.php\/produkt\/hp-05a-1-stuecke-original-schwarz\/"},"modified":"2021-01-07T20:36:39","modified_gmt":"2021-01-07T19:36:39","slug":"hp-05a-1-stuecke-original-schwarz","status":"publish","type":"product","link":"http:\/\/test.s385-fair4host.http-s.de\/index.php\/produkt\/hp-05a-1-stuecke-original-schwarz\/","title":{"rendered":"HP 05A 1 St\u00fcck(e) Original Schwarz"},"content":{"rendered":"<p>Ideal f\u00fcr Textausdrucke, beispielsweise f\u00fcr allt\u00e4gliche B\u00fcroberichte, Rechnungen und Tabellen f\u00fcr kleine Arbeitsgruppen und Einzelnutzer in Unternehmen aller Gr\u00f6\u00dfen.<br \/>HP 05A LaserJet Druckkassetten sorgen dauerhaft f\u00fcr reibungsloses Drucken. Original HP Druckkassetten und Original HP Toner garantieren, dass beim Drucken im B\u00fcro alles glattgeht. Und Sie k\u00f6nnen sich auf die f\u00fchrende Rolle von HP in puncto Umweltschutz verlassen.<\/p>\n","protected":false},"excerpt":{"rendered":"<p>05A Schwarz Original LaserJet Tonerkartusche<\/p>\n","protected":false},"featured_media":20006065,"comment_status":"open","ping_status":"closed","template":"","meta":{"spay_email":""},"_links":{"self":[{"href":"http:\/\/test.s385-fair4host.http-s.de\/index.php\/wp-json\/wp\/v2\/product\/20006064"}],"collection":[{"href":"http:\/\/test.s385-fair4host.http-s.de\/index.php\/wp-json\/wp\/v2\/product"}],"about":[{"href":"http:\/\/test.s385-fair4host.http-s.de\/index.php\/wp-json\/wp\/v2\/types\/product"}],"replies":[{"embeddable":true,"href":"http:\/\/test.s385-fair4host.http-s.de\/index.php\/wp-json\/wp\/v2\/comments?post=20006064"}],"wp:featuredmedia":[{"embeddable":true,"href":"http:\/\/test.s385-fair4host.http-s.de\/index.php\/wp-json\/wp\/v2\/media\/20006065"}],"wp:attachment":[{"href":"http:\/\/test.s385-fair4host.http-s.de\/index.php\/wp-json\/wp\/v2\/media?parent=20006064"}],"curies":[{"name":"wp","href":"https:\/\/api.w.org\/{rel}","templated":true}]}}