{"id":20006062,"date":"2021-01-07T20:36:37","date_gmt":"2021-01-07T19:36:37","guid":{"rendered":"http:\/\/test.s385-fair4host.http-s.de\/index.php\/produkt\/hp-15-1-stuecke-original-hohe-xl-ausbeute-schwarz\/"},"modified":"2021-01-07T20:36:37","modified_gmt":"2021-01-07T19:36:37","slug":"hp-15-1-stuecke-original-hohe-xl-ausbeute-schwarz","status":"publish","type":"product","link":"http:\/\/test.s385-fair4host.http-s.de\/index.php\/produkt\/hp-15-1-stuecke-original-hohe-xl-ausbeute-schwarz\/","title":{"rendered":"HP 15 1 St\u00fcck(e) Original Hohe (XL-) Ausbeute Schwarz"},"content":{"rendered":"<p>Privatanwender oder Benutzer in kleinen Unternehmen, die Dokumente mit hoher Qualit\u00e4t zum g\u00fcnstigen Preis drucken m\u00f6chten.<br \/>Die HP 15 Druckpatrone schwarz (C6615D), wurde f\u00fcr den kosteng\u00fcnstigen Einsatz im Bereich Home-Computing entwickelt. Sie liefert eine ausgezeichnete Druckqualit\u00e4t auf einer Vielzahl von Druckmedien.<\/p>\n","protected":false},"excerpt":{"rendered":"<p>15 Schwarz Original Druckerpatrone gro\u00df<\/p>\n","protected":false},"featured_media":20006063,"comment_status":"open","ping_status":"closed","template":"","meta":{"spay_email":""},"_links":{"self":[{"href":"http:\/\/test.s385-fair4host.http-s.de\/index.php\/wp-json\/wp\/v2\/product\/20006062"}],"collection":[{"href":"http:\/\/test.s385-fair4host.http-s.de\/index.php\/wp-json\/wp\/v2\/product"}],"about":[{"href":"http:\/\/test.s385-fair4host.http-s.de\/index.php\/wp-json\/wp\/v2\/types\/product"}],"replies":[{"embeddable":true,"href":"http:\/\/test.s385-fair4host.http-s.de\/index.php\/wp-json\/wp\/v2\/comments?post=20006062"}],"wp:featuredmedia":[{"embeddable":true,"href":"http:\/\/test.s385-fair4host.http-s.de\/index.php\/wp-json\/wp\/v2\/media\/20006063"}],"wp:attachment":[{"href":"http:\/\/test.s385-fair4host.http-s.de\/index.php\/wp-json\/wp\/v2\/media?parent=20006062"}],"curies":[{"name":"wp","href":"https:\/\/api.w.org\/{rel}","templated":true}]}}