{"id":20006056,"date":"2021-01-07T20:36:16","date_gmt":"2021-01-07T19:36:16","guid":{"rendered":"http:\/\/test.s385-fair4host.http-s.de\/index.php\/produkt\/hp-125a-1-stuecke-original-cyan\/"},"modified":"2021-01-07T20:36:16","modified_gmt":"2021-01-07T19:36:16","slug":"hp-125a-1-stuecke-original-cyan","status":"publish","type":"product","link":"http:\/\/test.s385-fair4host.http-s.de\/index.php\/produkt\/hp-125a-1-stuecke-original-cyan\/","title":{"rendered":"HP 125A 1 St\u00fcck(e) Original Cyan"},"content":{"rendered":"<p>Ideal f\u00fcr professionelles Drucken im Home-Office oder in kleinen Unternehmen. Diese Original HP Tonerkartuschen liefern exzellente Ergebnisse in konsistenter Qualit\u00e4t.<br \/>Mit HP 125 LaserJet Zubeh\u00f6r bringen Sie Ihr Unternehmen perfekt zur Geltung. HP ColorSphere Toner sorgt f\u00fcr Top-Qualit\u00e4t: brillante Farben, gestochen scharfer Text und naturgetreue Fotos. Sichern Sie sich hohe Produktivit\u00e4t mit zuverl\u00e4ssiger, konsistenter HP Qualit\u00e4t.<\/p>\n","protected":false},"excerpt":{"rendered":"<p>125A Cyan Original LaserJet Tonerkartusche<\/p>\n","protected":false},"featured_media":20006057,"comment_status":"open","ping_status":"closed","template":"","meta":{"spay_email":""},"_links":{"self":[{"href":"http:\/\/test.s385-fair4host.http-s.de\/index.php\/wp-json\/wp\/v2\/product\/20006056"}],"collection":[{"href":"http:\/\/test.s385-fair4host.http-s.de\/index.php\/wp-json\/wp\/v2\/product"}],"about":[{"href":"http:\/\/test.s385-fair4host.http-s.de\/index.php\/wp-json\/wp\/v2\/types\/product"}],"replies":[{"embeddable":true,"href":"http:\/\/test.s385-fair4host.http-s.de\/index.php\/wp-json\/wp\/v2\/comments?post=20006056"}],"wp:featuredmedia":[{"embeddable":true,"href":"http:\/\/test.s385-fair4host.http-s.de\/index.php\/wp-json\/wp\/v2\/media\/20006057"}],"wp:attachment":[{"href":"http:\/\/test.s385-fair4host.http-s.de\/index.php\/wp-json\/wp\/v2\/media?parent=20006056"}],"curies":[{"name":"wp","href":"https:\/\/api.w.org\/{rel}","templated":true}]}}