{"id":20006054,"date":"2021-01-07T20:36:15","date_gmt":"2021-01-07T19:36:15","guid":{"rendered":"http:\/\/test.s385-fair4host.http-s.de\/index.php\/produkt\/hp-125a-1-stuecke-original-schwarz\/"},"modified":"2021-01-07T20:36:15","modified_gmt":"2021-01-07T19:36:15","slug":"hp-125a-1-stuecke-original-schwarz","status":"publish","type":"product","link":"http:\/\/test.s385-fair4host.http-s.de\/index.php\/produkt\/hp-125a-1-stuecke-original-schwarz\/","title":{"rendered":"HP 125A 1 St\u00fcck(e) Original Schwarz"},"content":{"rendered":"<p>Ideal f\u00fcr professionelles Drucken im Home-Office oder in kleinen Unternehmen. Diese Original HP Tonerkartuschen liefern exzellente Ergebnisse in konsistenter Qualit\u00e4t.<br \/>Mit HP 125 LaserJet Zubeh\u00f6r kommt Ihr Unternehmen perfekt zur Geltung. Der neueste HP ColorSphere Toner sorgt f\u00fcr Top-Qualit\u00e4t: brillante Farben, gestochen scharfer Text und naturgetreue Fotos. Sichern Sie sich hohe Produktivit\u00e4t \u2013 mit zuverl\u00e4ssiger, konsistenter HP Qualit\u00e4t.<\/p>\n","protected":false},"excerpt":{"rendered":"<p>125A Schwarz Original LaserJet Tonerkartusche<\/p>\n","protected":false},"featured_media":20006055,"comment_status":"open","ping_status":"closed","template":"","meta":{"spay_email":""},"_links":{"self":[{"href":"http:\/\/test.s385-fair4host.http-s.de\/index.php\/wp-json\/wp\/v2\/product\/20006054"}],"collection":[{"href":"http:\/\/test.s385-fair4host.http-s.de\/index.php\/wp-json\/wp\/v2\/product"}],"about":[{"href":"http:\/\/test.s385-fair4host.http-s.de\/index.php\/wp-json\/wp\/v2\/types\/product"}],"replies":[{"embeddable":true,"href":"http:\/\/test.s385-fair4host.http-s.de\/index.php\/wp-json\/wp\/v2\/comments?post=20006054"}],"wp:featuredmedia":[{"embeddable":true,"href":"http:\/\/test.s385-fair4host.http-s.de\/index.php\/wp-json\/wp\/v2\/media\/20006055"}],"wp:attachment":[{"href":"http:\/\/test.s385-fair4host.http-s.de\/index.php\/wp-json\/wp\/v2\/media?parent=20006054"}],"curies":[{"name":"wp","href":"https:\/\/api.w.org\/{rel}","templated":true}]}}