{"id":20006052,"date":"2021-01-07T20:36:13","date_gmt":"2021-01-07T19:36:13","guid":{"rendered":"http:\/\/test.s385-fair4host.http-s.de\/index.php\/produkt\/hp-124a-1-stuecke-original-schwarz\/"},"modified":"2021-01-07T20:36:13","modified_gmt":"2021-01-07T19:36:13","slug":"hp-124a-1-stuecke-original-schwarz","status":"publish","type":"product","link":"http:\/\/test.s385-fair4host.http-s.de\/index.php\/produkt\/hp-124a-1-stuecke-original-schwarz\/","title":{"rendered":"HP 124A 1 St\u00fcck(e) Original Schwarz"},"content":{"rendered":"<p>HP 124 LaserJet Druckzubeh\u00f6r mit HP ColorSphere Toner ist optimal auf das Drucksystem abgestimmt. Das Ergebnis: zuverl\u00e4ssiges Drucken und erstklassige Dokumente in brillanter Fotoqualit\u00e4t.<\/p>\n","protected":false},"excerpt":{"rendered":"<p>124A Schwarz Original LaserJet Tonerkartusche<\/p>\n","protected":false},"featured_media":20006053,"comment_status":"open","ping_status":"closed","template":"","meta":{"spay_email":""},"_links":{"self":[{"href":"http:\/\/test.s385-fair4host.http-s.de\/index.php\/wp-json\/wp\/v2\/product\/20006052"}],"collection":[{"href":"http:\/\/test.s385-fair4host.http-s.de\/index.php\/wp-json\/wp\/v2\/product"}],"about":[{"href":"http:\/\/test.s385-fair4host.http-s.de\/index.php\/wp-json\/wp\/v2\/types\/product"}],"replies":[{"embeddable":true,"href":"http:\/\/test.s385-fair4host.http-s.de\/index.php\/wp-json\/wp\/v2\/comments?post=20006052"}],"wp:featuredmedia":[{"embeddable":true,"href":"http:\/\/test.s385-fair4host.http-s.de\/index.php\/wp-json\/wp\/v2\/media\/20006053"}],"wp:attachment":[{"href":"http:\/\/test.s385-fair4host.http-s.de\/index.php\/wp-json\/wp\/v2\/media?parent=20006052"}],"curies":[{"name":"wp","href":"https:\/\/api.w.org\/{rel}","templated":true}]}}