{"id":20006048,"date":"2021-01-07T20:36:11","date_gmt":"2021-01-07T19:36:11","guid":{"rendered":"http:\/\/test.s385-fair4host.http-s.de\/index.php\/produkt\/hp-124a-1-stuecke-original-gelb\/"},"modified":"2021-01-07T20:36:11","modified_gmt":"2021-01-07T19:36:11","slug":"hp-124a-1-stuecke-original-gelb","status":"publish","type":"product","link":"http:\/\/test.s385-fair4host.http-s.de\/index.php\/produkt\/hp-124a-1-stuecke-original-gelb\/","title":{"rendered":"HP 124A 1 St\u00fcck(e) Original Gelb"},"content":{"rendered":"<p>F\u00fcr den tagt\u00e4glichen Farblaserdruck in professioneller Qualit\u00e4t \u2013 ideal f\u00fcr Dokumente, die werben und \u00fcberzeugen sollen.<br \/>HP 124 LaserJet Zubeh\u00f6r mit HP ColorSphere Toner ist optimal auf das Drucksystem abgestimmt. Das Ergebnis: Zuverl\u00e4ssiges Drucken und erstklassige Dokumente in brillanter Fotoqualit\u00e4t. Durch die Online-Bestellung \u00fcber HP SureSupply sparen Sie Zeit und k\u00f6nnen produktiver arbeiten.<sup>[2]<\/sup><\/p>\n","protected":false},"excerpt":{"rendered":"<p>124A Gelb Original LaserJet Tonerkartusche<\/p>\n","protected":false},"featured_media":20006049,"comment_status":"open","ping_status":"closed","template":"","meta":{"spay_email":""},"_links":{"self":[{"href":"http:\/\/test.s385-fair4host.http-s.de\/index.php\/wp-json\/wp\/v2\/product\/20006048"}],"collection":[{"href":"http:\/\/test.s385-fair4host.http-s.de\/index.php\/wp-json\/wp\/v2\/product"}],"about":[{"href":"http:\/\/test.s385-fair4host.http-s.de\/index.php\/wp-json\/wp\/v2\/types\/product"}],"replies":[{"embeddable":true,"href":"http:\/\/test.s385-fair4host.http-s.de\/index.php\/wp-json\/wp\/v2\/comments?post=20006048"}],"wp:featuredmedia":[{"embeddable":true,"href":"http:\/\/test.s385-fair4host.http-s.de\/index.php\/wp-json\/wp\/v2\/media\/20006049"}],"wp:attachment":[{"href":"http:\/\/test.s385-fair4host.http-s.de\/index.php\/wp-json\/wp\/v2\/media?parent=20006048"}],"curies":[{"name":"wp","href":"https:\/\/api.w.org\/{rel}","templated":true}]}}