{"id":20006042,"date":"2021-01-07T20:36:07","date_gmt":"2021-01-07T19:36:07","guid":{"rendered":"http:\/\/test.s385-fair4host.http-s.de\/index.php\/produkt\/hp-82-original-cyan\/"},"modified":"2021-01-07T20:36:07","modified_gmt":"2021-01-07T19:36:07","slug":"hp-82-original-cyan","status":"publish","type":"product","link":"http:\/\/test.s385-fair4host.http-s.de\/index.php\/produkt\/hp-82-original-cyan\/","title":{"rendered":"HP 82 Original Cyan"},"content":{"rendered":"<p>&#8211; Ultimative Fotoqualit\u00e4t dank HP Mikrotropfen-Farbmischung und Drucken in hoher Aufl\u00f6sung<br \/>\n<br \/>&#8211; Zuverl\u00e4ssig drucken. Die Tinten der HP 82 Tintenpatronen wurden f\u00fcr brillante Grafiken, pr\u00e4zise Linien und professionelle Ergebnisse bei jedem Ausdruck konzipiert.<br \/>\n<br \/>&#8211; Integrierte, intelligente Druckfunktionen \u00fcberwachen den Tintenstand und schaffen Sicherheit. Die intelligente Drucktechnologie erm\u00f6glicht die Kommunikation zwischen Tintenpatronen, Druckk\u00f6pfen und Drucker \u2013 f\u00fcr optimierte Qualit\u00e4t und Leistung. Warnmeldungen, wenn eine Zubeh\u00f6rkomponente ersetzt werden muss.<\/p>\n","protected":false},"excerpt":{"rendered":"<p>82 69 ml-Tintenpatrone Zyanblau<\/p>\n","protected":false},"featured_media":20006043,"comment_status":"open","ping_status":"closed","template":"","meta":{"spay_email":""},"_links":{"self":[{"href":"http:\/\/test.s385-fair4host.http-s.de\/index.php\/wp-json\/wp\/v2\/product\/20006042"}],"collection":[{"href":"http:\/\/test.s385-fair4host.http-s.de\/index.php\/wp-json\/wp\/v2\/product"}],"about":[{"href":"http:\/\/test.s385-fair4host.http-s.de\/index.php\/wp-json\/wp\/v2\/types\/product"}],"replies":[{"embeddable":true,"href":"http:\/\/test.s385-fair4host.http-s.de\/index.php\/wp-json\/wp\/v2\/comments?post=20006042"}],"wp:featuredmedia":[{"embeddable":true,"href":"http:\/\/test.s385-fair4host.http-s.de\/index.php\/wp-json\/wp\/v2\/media\/20006043"}],"wp:attachment":[{"href":"http:\/\/test.s385-fair4host.http-s.de\/index.php\/wp-json\/wp\/v2\/media?parent=20006042"}],"curies":[{"name":"wp","href":"https:\/\/api.w.org\/{rel}","templated":true}]}}