{"id":20006040,"date":"2021-01-07T20:36:05","date_gmt":"2021-01-07T19:36:05","guid":{"rendered":"http:\/\/test.s385-fair4host.http-s.de\/index.php\/produkt\/hp-950xl-951xl-4-stuecke-original-hohe-xl-ausbeute-schwarz-cyan-magenta-gelb\/"},"modified":"2021-01-07T20:36:05","modified_gmt":"2021-01-07T19:36:05","slug":"hp-950xl-951xl-4-stuecke-original-hohe-xl-ausbeute-schwarz-cyan-magenta-gelb","status":"publish","type":"product","link":"http:\/\/test.s385-fair4host.http-s.de\/index.php\/produkt\/hp-950xl-951xl-4-stuecke-original-hohe-xl-ausbeute-schwarz-cyan-magenta-gelb\/","title":{"rendered":"HP 950XL\/951XL 4 St\u00fcck(e) Original Hohe (XL-) Ausbeute Schwarz, Cyan, Magenta, Gelb"},"content":{"rendered":"<p>Ideal f\u00fcr kleine Unternehmen, die kosteng\u00fcnstig professionell aussehenden Text in Farbe und Schwarz drucken wollen, der zudem noch wischfest und lichtbest\u00e4ndig ist.<sup>[2,3]<\/sup><br \/>Verlassen Sie sich auf Gesch\u00e4ftsdokumente in Profiqualit\u00e4t, die jeden Kunden beeindrucken \u2013 und kosteng\u00fcnstiger sind als mit Laserdruckern.<sup>[1]<\/sup> Seite f\u00fcr Seite bestechen Ihre Dokumente und Marketingmaterialien durch gestochen scharfen Text in Schwarz.<\/p>\n","protected":false},"excerpt":{"rendered":"<p>950XL Schwarz\/951XL Cyan\/Magenta\/Gelb 4er-Pack Original Druckerpatronen<\/p>\n","protected":false},"featured_media":20006041,"comment_status":"open","ping_status":"closed","template":"","meta":{"spay_email":""},"_links":{"self":[{"href":"http:\/\/test.s385-fair4host.http-s.de\/index.php\/wp-json\/wp\/v2\/product\/20006040"}],"collection":[{"href":"http:\/\/test.s385-fair4host.http-s.de\/index.php\/wp-json\/wp\/v2\/product"}],"about":[{"href":"http:\/\/test.s385-fair4host.http-s.de\/index.php\/wp-json\/wp\/v2\/types\/product"}],"replies":[{"embeddable":true,"href":"http:\/\/test.s385-fair4host.http-s.de\/index.php\/wp-json\/wp\/v2\/comments?post=20006040"}],"wp:featuredmedia":[{"embeddable":true,"href":"http:\/\/test.s385-fair4host.http-s.de\/index.php\/wp-json\/wp\/v2\/media\/20006041"}],"wp:attachment":[{"href":"http:\/\/test.s385-fair4host.http-s.de\/index.php\/wp-json\/wp\/v2\/media?parent=20006040"}],"curies":[{"name":"wp","href":"https:\/\/api.w.org\/{rel}","templated":true}]}}