{"id":20006034,"date":"2021-01-07T20:35:50","date_gmt":"2021-01-07T19:35:50","guid":{"rendered":"http:\/\/test.s385-fair4host.http-s.de\/index.php\/produkt\/hp-125a-2-stuecke-original-schwarz\/"},"modified":"2021-01-07T20:35:50","modified_gmt":"2021-01-07T19:35:50","slug":"hp-125a-2-stuecke-original-schwarz","status":"publish","type":"product","link":"http:\/\/test.s385-fair4host.http-s.de\/index.php\/produkt\/hp-125a-2-stuecke-original-schwarz\/","title":{"rendered":"HP 125A 2 St\u00fcck(e) Original Schwarz"},"content":{"rendered":"<p>Ideal f\u00fcr Kunden, die Wert auf ein gutes Preis-Leistungs-Verh\u00e4ltnis legen und Dokumente in Profiqualit\u00e4t in gro\u00dfen Druckvolumen drucken m\u00f6chten.<br \/>Mit HP 125A LaserJet Tonerkassetten im Doppelpack k\u00f6nnen Sie mehr drucken und sparen. Professionelle Druckqualit\u00e4t f\u00fcr ein besseres Preis-Leistungs-Verh\u00e4ltnis als bei einzelnen Kassetten. Bleiben Sie produktiv und verringern Sie Ausfallzeiten, indem Sie immer eine zus\u00e4tzliche Tonerkassette zur Hand haben.<\/p>\n","protected":false},"excerpt":{"rendered":"<p>125A 2er-Pack Schwarz Original LaserJet Tonerkartuschen<\/p>\n","protected":false},"featured_media":20006035,"comment_status":"open","ping_status":"closed","template":"","meta":{"spay_email":""},"_links":{"self":[{"href":"http:\/\/test.s385-fair4host.http-s.de\/index.php\/wp-json\/wp\/v2\/product\/20006034"}],"collection":[{"href":"http:\/\/test.s385-fair4host.http-s.de\/index.php\/wp-json\/wp\/v2\/product"}],"about":[{"href":"http:\/\/test.s385-fair4host.http-s.de\/index.php\/wp-json\/wp\/v2\/types\/product"}],"replies":[{"embeddable":true,"href":"http:\/\/test.s385-fair4host.http-s.de\/index.php\/wp-json\/wp\/v2\/comments?post=20006034"}],"wp:featuredmedia":[{"embeddable":true,"href":"http:\/\/test.s385-fair4host.http-s.de\/index.php\/wp-json\/wp\/v2\/media\/20006035"}],"wp:attachment":[{"href":"http:\/\/test.s385-fair4host.http-s.de\/index.php\/wp-json\/wp\/v2\/media?parent=20006034"}],"curies":[{"name":"wp","href":"https:\/\/api.w.org\/{rel}","templated":true}]}}