{"id":20006026,"date":"2021-01-07T20:35:44","date_gmt":"2021-01-07T19:35:44","guid":{"rendered":"http:\/\/test.s385-fair4host.http-s.de\/index.php\/produkt\/hp-950xl-1-stuecke-original-hohe-xl-ausbeute-schwarz\/"},"modified":"2021-01-07T20:35:44","modified_gmt":"2021-01-07T19:35:44","slug":"hp-950xl-1-stuecke-original-hohe-xl-ausbeute-schwarz","status":"publish","type":"product","link":"http:\/\/test.s385-fair4host.http-s.de\/index.php\/produkt\/hp-950xl-1-stuecke-original-hohe-xl-ausbeute-schwarz\/","title":{"rendered":"HP 950XL 1 St\u00fcck(e) Original Hohe (XL-) Ausbeute Schwarz"},"content":{"rendered":"<p>Ideal f\u00fcr kleine Unternehmen, die kosteng\u00fcnstig professionell aussehenden Text in Farbe und Schwarz drucken wollen, die wischfest und lichtbest\u00e4ndig sind.<sup>[1,2]<\/sup><br \/>Verlassen Sie sich auf Gesch\u00e4ftsdokumente in Profiqualit\u00e4t, die jeden Kunden beeindrucken. Seite f\u00fcr Seite bestechen Ihre Dokumente und Marketingmaterialien durch gestochen scharfen Text in Schwarz.<\/p>\n","protected":false},"excerpt":{"rendered":"<p>950XL Schwarz Original Druckerpatrone mit hoher Reichweite<\/p>\n","protected":false},"featured_media":20006027,"comment_status":"open","ping_status":"closed","template":"","meta":{"spay_email":""},"_links":{"self":[{"href":"http:\/\/test.s385-fair4host.http-s.de\/index.php\/wp-json\/wp\/v2\/product\/20006026"}],"collection":[{"href":"http:\/\/test.s385-fair4host.http-s.de\/index.php\/wp-json\/wp\/v2\/product"}],"about":[{"href":"http:\/\/test.s385-fair4host.http-s.de\/index.php\/wp-json\/wp\/v2\/types\/product"}],"replies":[{"embeddable":true,"href":"http:\/\/test.s385-fair4host.http-s.de\/index.php\/wp-json\/wp\/v2\/comments?post=20006026"}],"wp:featuredmedia":[{"embeddable":true,"href":"http:\/\/test.s385-fair4host.http-s.de\/index.php\/wp-json\/wp\/v2\/media\/20006027"}],"wp:attachment":[{"href":"http:\/\/test.s385-fair4host.http-s.de\/index.php\/wp-json\/wp\/v2\/media?parent=20006026"}],"curies":[{"name":"wp","href":"https:\/\/api.w.org\/{rel}","templated":true}]}}