{"id":20006024,"date":"2021-01-07T20:35:42","date_gmt":"2021-01-07T19:35:42","guid":{"rendered":"http:\/\/test.s385-fair4host.http-s.de\/index.php\/produkt\/hp-78-1-stuecke-original-standardertrag-cyan-magenta-gelb\/"},"modified":"2021-01-07T20:35:42","modified_gmt":"2021-01-07T19:35:42","slug":"hp-78-1-stuecke-original-standardertrag-cyan-magenta-gelb","status":"publish","type":"product","link":"http:\/\/test.s385-fair4host.http-s.de\/index.php\/produkt\/hp-78-1-stuecke-original-standardertrag-cyan-magenta-gelb\/","title":{"rendered":"HP 78 1 St\u00fcck(e) Original Standardertrag Cyan, Magenta, Gelb"},"content":{"rendered":"<p>Benutzer mit hohem Druckaufkommen im Home Office und in kleinen Unternehmen, die sich schnelle Druckgeschwindigkeiten w\u00fcnschen und Bilder in Fotoqualit\u00e4t zu g\u00fcnstigen Kosten pro Seite ausgeben m\u00f6chten.<br \/>HP 78 Druckpatronen dreifarbig liefern Bilder mit klaren, lebendigen Farben. Dank der patentierten, farbstoffbasierenden HP Farbtinten und der Druckpatronentechnologie erhalten Sie zuverl\u00e4ssig und einfach Ausdrucke in professioneller Qualit\u00e4t. Erh\u00e4ltlich in 2 Gr\u00f6\u00dfen f\u00fcr unterschiedlichen Druckbedarf.<\/p>\n","protected":false},"excerpt":{"rendered":"<p>78 Cyan\/Magenta\/Gelb Original Druckerpatrone<\/p>\n","protected":false},"featured_media":20006025,"comment_status":"open","ping_status":"closed","template":"","meta":{"spay_email":""},"_links":{"self":[{"href":"http:\/\/test.s385-fair4host.http-s.de\/index.php\/wp-json\/wp\/v2\/product\/20006024"}],"collection":[{"href":"http:\/\/test.s385-fair4host.http-s.de\/index.php\/wp-json\/wp\/v2\/product"}],"about":[{"href":"http:\/\/test.s385-fair4host.http-s.de\/index.php\/wp-json\/wp\/v2\/types\/product"}],"replies":[{"embeddable":true,"href":"http:\/\/test.s385-fair4host.http-s.de\/index.php\/wp-json\/wp\/v2\/comments?post=20006024"}],"wp:featuredmedia":[{"embeddable":true,"href":"http:\/\/test.s385-fair4host.http-s.de\/index.php\/wp-json\/wp\/v2\/media\/20006025"}],"wp:attachment":[{"href":"http:\/\/test.s385-fair4host.http-s.de\/index.php\/wp-json\/wp\/v2\/media?parent=20006024"}],"curies":[{"name":"wp","href":"https:\/\/api.w.org\/{rel}","templated":true}]}}