{"id":20006022,"date":"2021-01-07T20:35:41","date_gmt":"2021-01-07T19:35:41","guid":{"rendered":"http:\/\/test.s385-fair4host.http-s.de\/index.php\/produkt\/hp-128a-1-stuecke-original-magenta\/"},"modified":"2021-01-07T20:35:41","modified_gmt":"2021-01-07T19:35:41","slug":"hp-128a-1-stuecke-original-magenta","status":"publish","type":"product","link":"http:\/\/test.s385-fair4host.http-s.de\/index.php\/produkt\/hp-128a-1-stuecke-original-magenta\/","title":{"rendered":"HP 128A 1 St\u00fcck(e) Original Magenta"},"content":{"rendered":"<p>Ideal f\u00fcr professionelles Drucken im Home-Office oder in kleinen Unternehmen. Diese Original HP Tonerkartuschen liefern exzellente Ergebnisse in konsistenter Qualit\u00e4t.<br \/>HP 128 LaserJet Zubeh\u00f6r liefert Dokumente und Marketingmaterialien in professioneller Qualit\u00e4t. Sowohl im Home-Office als auch im Unternehmen ist Top-Produktivit\u00e4t sichergestellt \u2013 ohne Verschwendung von Zeit und Zubeh\u00f6r. Die Kassetten wurden speziell auf Ihren Drucker abgestimmt.<\/p>\n","protected":false},"excerpt":{"rendered":"<p>128A Magenta Original LaserJet Tonerkartusche<\/p>\n","protected":false},"featured_media":20006023,"comment_status":"open","ping_status":"closed","template":"","meta":{"spay_email":""},"_links":{"self":[{"href":"http:\/\/test.s385-fair4host.http-s.de\/index.php\/wp-json\/wp\/v2\/product\/20006022"}],"collection":[{"href":"http:\/\/test.s385-fair4host.http-s.de\/index.php\/wp-json\/wp\/v2\/product"}],"about":[{"href":"http:\/\/test.s385-fair4host.http-s.de\/index.php\/wp-json\/wp\/v2\/types\/product"}],"replies":[{"embeddable":true,"href":"http:\/\/test.s385-fair4host.http-s.de\/index.php\/wp-json\/wp\/v2\/comments?post=20006022"}],"wp:featuredmedia":[{"embeddable":true,"href":"http:\/\/test.s385-fair4host.http-s.de\/index.php\/wp-json\/wp\/v2\/media\/20006023"}],"wp:attachment":[{"href":"http:\/\/test.s385-fair4host.http-s.de\/index.php\/wp-json\/wp\/v2\/media?parent=20006022"}],"curies":[{"name":"wp","href":"https:\/\/api.w.org\/{rel}","templated":true}]}}