{"id":20006014,"date":"2021-01-07T20:35:28","date_gmt":"2021-01-07T19:35:28","guid":{"rendered":"http:\/\/test.s385-fair4host.http-s.de\/index.php\/produkt\/hp-301-1-stuecke-original-standardertrag-cyan-magenta-gelb\/"},"modified":"2021-01-07T20:35:28","modified_gmt":"2021-01-07T19:35:28","slug":"hp-301-1-stuecke-original-standardertrag-cyan-magenta-gelb","status":"publish","type":"product","link":"http:\/\/test.s385-fair4host.http-s.de\/index.php\/produkt\/hp-301-1-stuecke-original-standardertrag-cyan-magenta-gelb\/","title":{"rendered":"HP 301 1 St\u00fcck(e) Original Standardertrag Cyan, Magenta, Gelb"},"content":{"rendered":"<p>Ideal f\u00fcr Benutzer, die auch zu Hause von qualitativ hochwertigen Ausdrucken profitieren m\u00f6chten. Original HP Druckpatronen sind die richtige Wahl f\u00fcr Ausdrucke in Schwarzwei\u00df oder Farbe, sowohl f\u00fcr zu Hause als auch f\u00fcr die Schule oder das Unternehmen.<br \/>Mit Original HP Tintenpatronen ist sichergestellt, dass Ihr HP Drucker zuverl\u00e4ssig gestochen scharfen Text in sattem Schwarz sowie Bilder und Grafiken in brillanten Farben druckt. Das Drucken ist ganz einfach und die Leistung hervorragend. Verwenden Sie f\u00fcr noch wirtschaftlicheres Drucken HP Tintenpatronen mit hoher Reichweite.<\/p>\n","protected":false},"excerpt":{"rendered":"<p>301 Cyan\/Magenta\/Gelb Original Druckerpatrone<\/p>\n","protected":false},"featured_media":20006015,"comment_status":"open","ping_status":"closed","template":"","meta":{"spay_email":""},"_links":{"self":[{"href":"http:\/\/test.s385-fair4host.http-s.de\/index.php\/wp-json\/wp\/v2\/product\/20006014"}],"collection":[{"href":"http:\/\/test.s385-fair4host.http-s.de\/index.php\/wp-json\/wp\/v2\/product"}],"about":[{"href":"http:\/\/test.s385-fair4host.http-s.de\/index.php\/wp-json\/wp\/v2\/types\/product"}],"replies":[{"embeddable":true,"href":"http:\/\/test.s385-fair4host.http-s.de\/index.php\/wp-json\/wp\/v2\/comments?post=20006014"}],"wp:featuredmedia":[{"embeddable":true,"href":"http:\/\/test.s385-fair4host.http-s.de\/index.php\/wp-json\/wp\/v2\/media\/20006015"}],"wp:attachment":[{"href":"http:\/\/test.s385-fair4host.http-s.de\/index.php\/wp-json\/wp\/v2\/media?parent=20006014"}],"curies":[{"name":"wp","href":"https:\/\/api.w.org\/{rel}","templated":true}]}}