{"id":20006012,"date":"2021-01-07T20:35:26","date_gmt":"2021-01-07T19:35:26","guid":{"rendered":"http:\/\/test.s385-fair4host.http-s.de\/index.php\/produkt\/hp-301-1-stuecke-original-standardertrag-foto-schwarz\/"},"modified":"2021-01-07T20:35:26","modified_gmt":"2021-01-07T19:35:26","slug":"hp-301-1-stuecke-original-standardertrag-foto-schwarz","status":"publish","type":"product","link":"http:\/\/test.s385-fair4host.http-s.de\/index.php\/produkt\/hp-301-1-stuecke-original-standardertrag-foto-schwarz\/","title":{"rendered":"HP 301 1 St\u00fcck(e) Original Standardertrag Foto schwarz"},"content":{"rendered":"<p>Ideal f\u00fcr Benutzer, die auch zu Hause von qualitativ hochwertigen Ausdrucken in Schwarzwei\u00df profitieren m\u00f6chten. Egal, ob Sie f\u00fcr private Zwecke, f\u00fcr die Schule oder das Unternehmen drucken\u00a0\u2013 Sie erhalten ausgezeichnete Ergebnisse. Vermeiden Sie Termindruck und verlassen Sie sich auf die bew\u00e4hrte Leistung von Original HP Tintenpartonen.<br \/>Mit Original HP Tintenpatronen ist sichergestellt, dass Ihr HP Drucker zuverl\u00e4ssig gestochen scharfen Text in sattem Schwarz sowie Bilder und Grafiken in brillanten Farben druckt. Das Drucken ist ganz einfach und die Leistung hervorragend. Verwenden Sie f\u00fcr noch wirtschaftlicheres Drucken HP Tintenpatronen mit hoher Reichweite.<\/p>\n","protected":false},"excerpt":{"rendered":"<p>301 Schwarz Original Druckerpatrone<\/p>\n","protected":false},"featured_media":20006013,"comment_status":"open","ping_status":"closed","template":"","meta":{"spay_email":""},"_links":{"self":[{"href":"http:\/\/test.s385-fair4host.http-s.de\/index.php\/wp-json\/wp\/v2\/product\/20006012"}],"collection":[{"href":"http:\/\/test.s385-fair4host.http-s.de\/index.php\/wp-json\/wp\/v2\/product"}],"about":[{"href":"http:\/\/test.s385-fair4host.http-s.de\/index.php\/wp-json\/wp\/v2\/types\/product"}],"replies":[{"embeddable":true,"href":"http:\/\/test.s385-fair4host.http-s.de\/index.php\/wp-json\/wp\/v2\/comments?post=20006012"}],"wp:featuredmedia":[{"embeddable":true,"href":"http:\/\/test.s385-fair4host.http-s.de\/index.php\/wp-json\/wp\/v2\/media\/20006013"}],"wp:attachment":[{"href":"http:\/\/test.s385-fair4host.http-s.de\/index.php\/wp-json\/wp\/v2\/media?parent=20006012"}],"curies":[{"name":"wp","href":"https:\/\/api.w.org\/{rel}","templated":true}]}}