{"id":20006008,"date":"2021-01-07T20:35:21","date_gmt":"2021-01-07T19:35:21","guid":{"rendered":"http:\/\/test.s385-fair4host.http-s.de\/index.php\/produkt\/hp-300-1-stuecke-original-standardertrag-cyan-magenta-gelb\/"},"modified":"2021-01-07T20:35:21","modified_gmt":"2021-01-07T19:35:21","slug":"hp-300-1-stuecke-original-standardertrag-cyan-magenta-gelb","status":"publish","type":"product","link":"http:\/\/test.s385-fair4host.http-s.de\/index.php\/produkt\/hp-300-1-stuecke-original-standardertrag-cyan-magenta-gelb\/","title":{"rendered":"HP 300 1 St\u00fcck(e) Original Standardertrag Cyan, Magenta, Gelb"},"content":{"rendered":"<p>Kleine Unternehmen und Kunden im Home-Office in entwickelten und aufkommenden M\u00e4rkten, die eine kosteng\u00fcnstige, einfache und zuverl\u00e4ssige Druckl\u00f6sung f\u00fcr hochwertige Ergebnisse suchen.<br \/>Erzeugen Sie hochwertige Texte und lebendige Farbfotos, die besonders lichtbest\u00e4ndig sind. Diese Original HP Tintenpatronen wurde f\u00fcr einfaches, kosteng\u00fcnstiges Drucken konzipiert. Entscheiden Sie sich f\u00fcr optionale Patronen mit hoher Reichweite f\u00fcr hohes Druckaufkommen.<sup>[1]<\/sup><\/p>\n","protected":false},"excerpt":{"rendered":"<p>300 Cyan\/Magenta\/Gelb Original Druckerpatrone<\/p>\n","protected":false},"featured_media":20006009,"comment_status":"open","ping_status":"closed","template":"","meta":{"spay_email":""},"_links":{"self":[{"href":"http:\/\/test.s385-fair4host.http-s.de\/index.php\/wp-json\/wp\/v2\/product\/20006008"}],"collection":[{"href":"http:\/\/test.s385-fair4host.http-s.de\/index.php\/wp-json\/wp\/v2\/product"}],"about":[{"href":"http:\/\/test.s385-fair4host.http-s.de\/index.php\/wp-json\/wp\/v2\/types\/product"}],"replies":[{"embeddable":true,"href":"http:\/\/test.s385-fair4host.http-s.de\/index.php\/wp-json\/wp\/v2\/comments?post=20006008"}],"wp:featuredmedia":[{"embeddable":true,"href":"http:\/\/test.s385-fair4host.http-s.de\/index.php\/wp-json\/wp\/v2\/media\/20006009"}],"wp:attachment":[{"href":"http:\/\/test.s385-fair4host.http-s.de\/index.php\/wp-json\/wp\/v2\/media?parent=20006008"}],"curies":[{"name":"wp","href":"https:\/\/api.w.org\/{rel}","templated":true}]}}