{"id":20006006,"date":"2021-01-07T20:35:20","date_gmt":"2021-01-07T19:35:20","guid":{"rendered":"http:\/\/test.s385-fair4host.http-s.de\/index.php\/produkt\/hp-85a-1-stuecke-original-schwarz\/"},"modified":"2021-01-07T20:35:20","modified_gmt":"2021-01-07T19:35:20","slug":"hp-85a-1-stuecke-original-schwarz","status":"publish","type":"product","link":"http:\/\/test.s385-fair4host.http-s.de\/index.php\/produkt\/hp-85a-1-stuecke-original-schwarz\/","title":{"rendered":"HP 85A 1 St\u00fcck(e) Original Schwarz"},"content":{"rendered":"<p>Ideal f\u00fcr kleine Unternehmen und Anwender im Home-Office, die problemlos allt\u00e4gliche Gesch\u00e4ftsdokumente drucken m\u00f6chten, ohne \u00fcber ein umfangreiches Budget, viel Platz oder professionellen IT-Support zu verf\u00fcgen.<br \/>Top-Wirtschaftlichkeit beim Drucken im Tagesgesch\u00e4ft. Mit HP LaserJet Druckkassetten drucken Sie spielend einfach Berichte, Korrespondenz und Rechnungen in professioneller Qualit\u00e4t.<\/p>\n","protected":false},"excerpt":{"rendered":"<p>85A Schwarz Original LaserJet Tonerkartusche<\/p>\n","protected":false},"featured_media":20006007,"comment_status":"open","ping_status":"closed","template":"","meta":{"spay_email":""},"_links":{"self":[{"href":"http:\/\/test.s385-fair4host.http-s.de\/index.php\/wp-json\/wp\/v2\/product\/20006006"}],"collection":[{"href":"http:\/\/test.s385-fair4host.http-s.de\/index.php\/wp-json\/wp\/v2\/product"}],"about":[{"href":"http:\/\/test.s385-fair4host.http-s.de\/index.php\/wp-json\/wp\/v2\/types\/product"}],"replies":[{"embeddable":true,"href":"http:\/\/test.s385-fair4host.http-s.de\/index.php\/wp-json\/wp\/v2\/comments?post=20006006"}],"wp:featuredmedia":[{"embeddable":true,"href":"http:\/\/test.s385-fair4host.http-s.de\/index.php\/wp-json\/wp\/v2\/media\/20006007"}],"wp:attachment":[{"href":"http:\/\/test.s385-fair4host.http-s.de\/index.php\/wp-json\/wp\/v2\/media?parent=20006006"}],"curies":[{"name":"wp","href":"https:\/\/api.w.org\/{rel}","templated":true}]}}