{"id":20006004,"date":"2021-01-07T20:35:17","date_gmt":"2021-01-07T19:35:17","guid":{"rendered":"http:\/\/test.s385-fair4host.http-s.de\/index.php\/produkt\/hp-338-1-stuecke-original-standardertrag-foto-schwarz\/"},"modified":"2021-01-07T20:35:17","modified_gmt":"2021-01-07T19:35:17","slug":"hp-338-1-stuecke-original-standardertrag-foto-schwarz","status":"publish","type":"product","link":"http:\/\/test.s385-fair4host.http-s.de\/index.php\/produkt\/hp-338-1-stuecke-original-standardertrag-foto-schwarz\/","title":{"rendered":"HP 338 1 St\u00fcck(e) Original Standardertrag Foto schwarz"},"content":{"rendered":"<p>HP 338 Druckpatronen sorgen f\u00fcr konsistente Ergebnisse. Verbesserte schwarze Tinte erm\u00f6glicht Texte in Laserqualit\u00e4t und bietet noch bessere Wischfestigkeit bei der Verwendung von Textmarkern.<\/p>\n","protected":false},"excerpt":{"rendered":"<p>338 Schwarz Original Druckerpatrone<\/p>\n","protected":false},"featured_media":20006005,"comment_status":"open","ping_status":"closed","template":"","meta":{"spay_email":""},"_links":{"self":[{"href":"http:\/\/test.s385-fair4host.http-s.de\/index.php\/wp-json\/wp\/v2\/product\/20006004"}],"collection":[{"href":"http:\/\/test.s385-fair4host.http-s.de\/index.php\/wp-json\/wp\/v2\/product"}],"about":[{"href":"http:\/\/test.s385-fair4host.http-s.de\/index.php\/wp-json\/wp\/v2\/types\/product"}],"replies":[{"embeddable":true,"href":"http:\/\/test.s385-fair4host.http-s.de\/index.php\/wp-json\/wp\/v2\/comments?post=20006004"}],"wp:featuredmedia":[{"embeddable":true,"href":"http:\/\/test.s385-fair4host.http-s.de\/index.php\/wp-json\/wp\/v2\/media\/20006005"}],"wp:attachment":[{"href":"http:\/\/test.s385-fair4host.http-s.de\/index.php\/wp-json\/wp\/v2\/media?parent=20006004"}],"curies":[{"name":"wp","href":"https:\/\/api.w.org\/{rel}","templated":true}]}}